{"id":279801,"date":"2023-10-19T07:28:11","date_gmt":"2023-10-19T07:28:11","guid":{"rendered":"https:\/\/mjoconsulting.eu\/sustainability-transition\/"},"modified":"2023-11-16T08:50:25","modified_gmt":"2023-11-16T08:50:25","slug":"transition-developpement-durable","status":"publish","type":"page","link":"https:\/\/mjoconsulting.eu\/fr\/transition-developpement-durable\/","title":{"rendered":"Transition vers le D\u00e9veloppement Durable"},"content":{"rendered":"<p>[et_pb_section fb_built=\u00a0\u00bb1&Prime; admin_label=\u00a0\u00bb10 Advanced List\u00a0\u00bb _builder_version=\u00a0\u00bb4.18.0&Prime; _module_preset=\u00a0\u00bbdefault\u00a0\u00bb background_image=\u00a0\u00bbhttps:\/\/mjoconsulting.eu\/wp-content\/uploads\/2023\/11\/Rectangle-936.jpg\u00a0\u00bb collapsed=\u00a0\u00bboff\u00a0\u00bb global_colors_info=\u00a0\u00bb{}\u00a0\u00bb][et_pb_row column_structure=\u00a0\u00bb3_5,2_5&Prime; custom_padding_last_edited=\u00a0\u00bbon|phone\u00a0\u00bb _builder_version=\u00a0\u00bb4.19.0&Prime; _module_preset=\u00a0\u00bbdefault\u00a0\u00bb width_tablet=\u00a0\u00bb\u00a0\u00bb width_phone=\u00a0\u00bb90%\u00a0\u00bb width_last_edited=\u00a0\u00bbon|phone\u00a0\u00bb max_width=\u00a0\u00bb1330px\u00a0\u00bb module_alignment=\u00a0\u00bbcenter\u00a0\u00bb custom_padding_tablet=\u00a0\u00bb\u00a0\u00bb custom_padding_phone=\u00a0\u00bb||0px||false|false\u00a0\u00bb custom_css_main_element=\u00a0\u00bbdisplay: flex;||align-items: center;\u00a0\u00bb global_colors_info=\u00a0\u00bb{}\u00a0\u00bb custom_css_main_element_last_edited=\u00a0\u00bbon|tablet\u00a0\u00bb custom_css_main_element_tablet=\u00a0\u00bbdisplay: flex;||flex-direction: column;\u00a0\u00bb custom_css_main_element_phone=\u00a0\u00bbdisplay: flex;||flex-direction: column;\u00a0\u00bb][et_pb_column type=\u00a0\u00bb3_5&Prime; _builder_version=\u00a0\u00bb4.19.0&Prime; _module_preset=\u00a0\u00bbdefault\u00a0\u00bb z_index=\u00a0\u00bb3&Prime; global_colors_info=\u00a0\u00bb{}\u00a0\u00bb custom_css_main_element_last_edited=\u00a0\u00bbon|tablet\u00a0\u00bb custom_css_main_element_tablet=\u00a0\u00bbmargin-bottom: 0px;\u00a0\u00bb custom_css_main_element_phone=\u00a0\u00bbmargin-bottom: 0px;\u00a0\u00bb][et_pb_blurb title=\u00a0\u00bbTransition vers le D\u00e9veloppement durable\u00a0\u00bb content_max_width=\u00a0\u00bb100%\u00a0\u00bb _builder_version=\u00a0\u00bb4.23&Prime; _module_preset=\u00a0\u00bbdefault\u00a0\u00bb header_level=\u00a0\u00bbh2&Prime; header_font=\u00a0\u00bbIstok Web||||||||\u00a0\u00bb header_text_color=\u00a0\u00bb#ffffff\u00a0\u00bb header_font_size=\u00a0\u00bb48px\u00a0\u00bb header_line_height=\u00a0\u00bb58px\u00a0\u00bb body_font=\u00a0\u00bbRoboto||||||||\u00a0\u00bb body_text_color=\u00a0\u00bbrgba(200,197,244,0.68)\u00a0\u00bb body_font_size=\u00a0\u00bb20px\u00a0\u00bb body_line_height=\u00a0\u00bb28px\u00a0\u00bb max_width=\u00a0\u00bb510px\u00a0\u00bb max_width_tablet=\u00a0\u00bb768px\u00a0\u00bb max_width_phone=\u00a0\u00bb768px\u00a0\u00bb max_width_last_edited=\u00a0\u00bbon|tablet\u00a0\u00bb module_alignment=\u00a0\u00bbleft\u00a0\u00bb custom_margin=\u00a0\u00bb||60px||false|false\u00a0\u00bb custom_margin_tablet=\u00a0\u00bb||50px||false|false\u00a0\u00bb custom_margin_phone=\u00a0\u00bb||40px||false|false\u00a0\u00bb custom_margin_last_edited=\u00a0\u00bbon|tablet\u00a0\u00bb header_font_size_tablet=\u00a0\u00bb38px\u00a0\u00bb header_font_size_phone=\u00a0\u00bb28px\u00a0\u00bb header_font_size_last_edited=\u00a0\u00bbon|tablet\u00a0\u00bb header_line_height_tablet=\u00a0\u00bb48px\u00a0\u00bb header_line_height_phone=\u00a0\u00bb38px\u00a0\u00bb header_line_height_last_edited=\u00a0\u00bbon|tablet\u00a0\u00bb body_font_size_tablet=\u00a0\u00bb16px\u00a0\u00bb body_font_size_phone=\u00a0\u00bb17px\u00a0\u00bb body_font_size_last_edited=\u00a0\u00bbon|phone\u00a0\u00bb body_line_height_tablet=\u00a0\u00bb27px\u00a0\u00bb body_line_height_phone=\u00a0\u00bb26px\u00a0\u00bb body_line_height_last_edited=\u00a0\u00bbon|tablet\u00a0\u00bb custom_css_blurb_title=\u00a0\u00bbpadding-bottom: 20px;\u00a0\u00bb global_colors_info=\u00a0\u00bb{}\u00a0\u00bb]<\/p>\n<p><span style=\"color: #ffffff;\">Comment mettre en place une supply chain durable qui soit b\u00e9n\u00e9fique pour la plan\u00e8te et pour vos r\u00e9sultats ?<\/span><\/p>\n<p>[\/et_pb_blurb][difl_iconlist list_item_equal_width=\u00a0\u00bbon\u00a0\u00bb list_item_tooltip_background_use_gradient=\u00a0\u00bbon\u00a0\u00bb list_item_tooltip_background_color_gradient_1=\u00a0\u00bb#FFFFFF\u00a0\u00bb list_item_tooltip_background_color_gradient_2=\u00a0\u00bb#e8d5fa\u00a0\u00bb list_item_tooltip_background_gradient_direction=\u00a0\u00bb90deg\u00a0\u00bb list_item_content_max_width=\u00a0\u00bb100%\u00a0\u00bb list_item_icon_bg_color=\u00a0\u00bb#241d51&Prime; tooltip_arrow_color=\u00a0\u00bb#e8d5fa\u00a0\u00bb list_item_icon_padding=\u00a0\u00bb1px|1px|2px|1px|false|true\u00a0\u00bb list_item_title_padding=\u00a0\u00bb0px|0px|0px|0px|true|true\u00a0\u00bb list_item_content_padding=\u00a0\u00bb0px|0px|0px|0px|true|true\u00a0\u00bb list_item_wrapper_padding=\u00a0\u00bb0px|0px|40px|0px|false|true\u00a0\u00bb list_item_tooltip_padding=\u00a0\u00bb10px|15px|5px|15px|false|true\u00a0\u00bb list_item_wrapper_padding_tablet=\u00a0\u00bb0px|0px|30px|0px|false|true\u00a0\u00bb list_item_wrapper_padding_phone=\u00a0\u00bb||20px||false|true\u00a0\u00bb list_item_wrapper_padding_last_edited=\u00a0\u00bbon|tablet\u00a0\u00bb _builder_version=\u00a0\u00bb4.23&Prime; _module_preset=\u00a0\u00bbdefault\u00a0\u00bb child_icon_text_font=\u00a0\u00bbRaleway|700|||||||\u00a0\u00bb child_icon_text_text_color=\u00a0\u00bb#a49bec\u00a0\u00bb child_content_text_font=\u00a0\u00bbIstok Web||||||||\u00a0\u00bb child_content_text_text_color=\u00a0\u00bbrgba(200,197,244,0.68)\u00a0\u00bb child_content_text_font_size=\u00a0\u00bb20px\u00a0\u00bb child_content_text_line_height=\u00a0\u00bb28px\u00a0\u00bb child_tooltip_text_font=\u00a0\u00bbIstok Web||||||||\u00a0\u00bb child_tooltip_text_text_color=\u00a0\u00bb#030f3f\u00a0\u00bb tooltip_heading_5_font=\u00a0\u00bbIstok Web|700|||||||\u00a0\u00bb tooltip_heading_5_text_color=\u00a0\u00bb#030f3f\u00a0\u00bb tooltip_heading_5_font_size=\u00a0\u00bb15px\u00a0\u00bb z_index=\u00a0\u00bb3&Prime; overflow-x=\u00a0\u00bbvisible\u00a0\u00bb overflow-y=\u00a0\u00bbvisible\u00a0\u00bb custom_margin_tablet=\u00a0\u00bb||0px||false|false\u00a0\u00bb custom_margin_phone=\u00a0\u00bb||0px||false|false\u00a0\u00bb custom_margin_last_edited=\u00a0\u00bbon|tablet\u00a0\u00bb child_title_text_font_size_last_edited=\u00a0\u00bboff|phone\u00a0\u00bb child_content_text_font_size_tablet=\u00a0\u00bb18px\u00a0\u00bb child_content_text_font_size_phone=\u00a0\u00bb16px\u00a0\u00bb child_content_text_font_size_last_edited=\u00a0\u00bbon|tablet\u00a0\u00bb child_content_text_line_height_tablet=\u00a0\u00bb27px\u00a0\u00bb child_content_text_line_height_phone=\u00a0\u00bb26px\u00a0\u00bb child_content_text_line_height_last_edited=\u00a0\u00bbon|phone\u00a0\u00bb custom_css_main_element=\u00a0\u00bbfont-weight: 400;\u00a0\u00bb border_radii_child_image_icon=\u00a0\u00bbon|100px|100px|100px|100px\u00a0\u00bb border_radii_child_tooltip_element=\u00a0\u00bbon|10px|10px|10px|10px\u00a0\u00bb global_colors_info=\u00a0\u00bb{}\u00a0\u00bb][difl_iconlistitem list_item_use_tooltip=\u00a0\u00bbon\u00a0\u00bb list_item_icon_type=\u00a0\u00bbimage\u00a0\u00bb list_item_image=\u00a0\u00bbhttps:\/\/mjoconsulting.eu\/wp-content\/uploads\/2023\/11\/Untitled-design-36.png\u00a0\u00bb tooltip_arrow=\u00a0\u00bboff\u00a0\u00bb tooltip_placement=\u00a0\u00bbright-end\u00a0\u00bb tooltip_interactive=\u00a0\u00bboff\u00a0\u00bb _builder_version=\u00a0\u00bb4.23&Prime; child_content_text_font=\u00a0\u00bbRoboto||||||||\u00a0\u00bb global_colors_info=\u00a0\u00bb{}\u00a0\u00bb]<\/p>\n<p><span style=\"color: #ffffff;\">Les multiples d\u00e9fis \u00e9conomiques, environnementaux et sociaux auxquels nous sommes actuellement confront\u00e9s obligent les entreprises<\/span><span style=\"color: #ffffff;\">\u00e0 repenser leur strat\u00e9gie, leur mod\u00e8le \u00e9conomique et leurs relations avec la soci\u00e9t\u00e9.<\/span><\/p>\n<p>[\/difl_iconlistitem][difl_iconlistitem list_item_icon_type=\u00a0\u00bbimage\u00a0\u00bb list_item_image=\u00a0\u00bbhttps:\/\/mjoconsulting.eu\/wp-content\/uploads\/2023\/11\/Untitled-design-36.png\u00a0\u00bb _builder_version=\u00a0\u00bb4.23&Prime; child_content_text_font=\u00a0\u00bb||||||||\u00a0\u00bb child_content_text_text_color=\u00a0\u00bb#FFFFFF\u00a0\u00bb global_colors_info=\u00a0\u00bb{}\u00a0\u00bb]<\/p>\n<p><span style=\"color: #ffffff;\">L&rsquo;\u00e9volution des ressources plan\u00e9taires (voir ci-dessous) illustre l&rsquo;imp\u00e9ratif de transition vers une supply chain durable et responsable. Il s&rsquo;agit \u00e9galement d&rsquo;une opportunit\u00e9 qui permettra \u00e0 votre organisation de cr\u00e9er de nouveaux avantages concurrentiels, de nouvelles fa\u00e7ons de satisfaire vos clients et de nouvelles possibilit\u00e9s d&rsquo;engagement de vos employ\u00e9s.<\/span><\/p>\n<p>[\/difl_iconlistitem][difl_iconlistitem list_item_icon_type=\u00a0\u00bbimage\u00a0\u00bb list_item_image=\u00a0\u00bbhttps:\/\/mjoconsulting.eu\/wp-content\/uploads\/2023\/11\/Untitled-design-36.png\u00a0\u00bb _builder_version=\u00a0\u00bb4.23&Prime; child_content_text_font=\u00a0\u00bb||||||||\u00a0\u00bb global_colors_info=\u00a0\u00bb{}\u00a0\u00bb]<\/p>\n<p><span style=\"color: #ffffff;\">Avec une expertise approfondie et une passion sinc\u00e8re, nous vous aidons \u00e0 formuler une ambition durable, depuis les \u00e9valuations des situations actuelles jusqu&rsquo;\u00e0 l\u2019\u00e9laboration de la strat\u00e9gie et d\u2019un plan d\u2019action. Ensemble, nous fa\u00e7onnons votre transformation durable donnant lieu \u00e0 des actions engageantes pour vous et votre \u00e9quipe.<\/span><\/p>\n<p>[\/difl_iconlistitem][difl_iconlistitem list_item_icon_type=\u00a0\u00bbimage\u00a0\u00bb list_item_image=\u00a0\u00bbhttps:\/\/mjoconsulting.eu\/wp-content\/uploads\/2023\/11\/Untitled-design-36.png\u00a0\u00bb _builder_version=\u00a0\u00bb4.23&Prime; global_colors_info=\u00a0\u00bb{}\u00a0\u00bb]<\/p>\n<p><span style=\"color: #ffffff;\">La digitalisation de vos processus nous permet d&rsquo;optimiser votre cha\u00eene de valeur. Qu&rsquo;il s&rsquo;agisse de reproduire votre supply chain num\u00e9riquement, de mod\u00e9liser vos diff\u00e9rent r\u00e9seaux ou des solutions de visibilit\u00e9 en temps r\u00e9el, nous tirons parti de l\u2019IA et garantissons des impacts positifs pour la plan\u00e8te.<\/span><\/p>\n<p>[\/difl_iconlistitem][difl_iconlistitem list_item_icon_type=\u00a0\u00bbimage\u00a0\u00bb list_item_image=\u00a0\u00bbhttps:\/\/mjoconsulting.eu\/wp-content\/uploads\/2023\/11\/Untitled-design-36.png\u00a0\u00bb admin_label=\u00a0\u00bbList item\u00a0\u00bb _builder_version=\u00a0\u00bb4.23&Prime; _module_preset=\u00a0\u00bbdefault\u00a0\u00bb global_colors_info=\u00a0\u00bb{}\u00a0\u00bb]<\/p>\n<p><span style=\"color: #ffffff;\">L&rsquo;environnement r\u00e9glementaire (ESG, CSRD et CS3D) est extr\u00eamement dynamique. Nous nous assurons que vous en comprenez les impacts pour votre entreprise. Nous vous aidons \u00e0 vous pr\u00e9parer \u00e0 ces \u00e9ch\u00e9ances en mettant en place des processus et des outils de <\/span><span style=\"color: #ffffff;\">reporting efficaces.<\/span><\/p>\n<p>[\/difl_iconlistitem][difl_iconlistitem list_item_icon_type=\u00a0\u00bbimage\u00a0\u00bb list_item_image=\u00a0\u00bbhttps:\/\/mjoconsulting.eu\/wp-content\/uploads\/2023\/11\/Untitled-design-36.png\u00a0\u00bb alt=\u00a0\u00bbIcon Image\u00a0\u00bb admin_label=\u00a0\u00bbList item\u00a0\u00bb _builder_version=\u00a0\u00bb4.23&Prime; _module_preset=\u00a0\u00bbdefault\u00a0\u00bb global_colors_info=\u00a0\u00bb{}\u00a0\u00bb]<\/p>\n<p><span style=\"color: #ffffff;\">Nous accordons une attention particuli\u00e8re \u00e0 tous les acteurs de la mobilit\u00e9 verte, en les aidant \u00e0 se d\u00e9velopper dans un environnement<\/span><br \/><span style=\"color: #ffffff;\">efficace et durable.<\/span><\/p>\n<p>[\/difl_iconlistitem][\/difl_iconlist][\/et_pb_column][et_pb_column type=\u00a0\u00bb2_5&Prime; _builder_version=\u00a0\u00bb4.19.0&Prime; _module_preset=\u00a0\u00bbdefault\u00a0\u00bb z_index=\u00a0\u00bb1&Prime; global_colors_info=\u00a0\u00bb{}\u00a0\u00bb][et_pb_image src=\u00a0\u00bbhttps:\/\/mjoconsulting.eu\/wp-content\/uploads\/2023\/11\/Sustainability-Transition.png\u00a0\u00bb title_text=\u00a0\u00bbSustainability Transition\u00a0\u00bb _builder_version=\u00a0\u00bb4.22.2&Prime; _module_preset=\u00a0\u00bbdefault\u00a0\u00bb z_index=\u00a0\u00bb1&Prime; custom_margin=\u00a0\u00bb||||false|false\u00a0\u00bb global_colors_info=\u00a0\u00bb{}\u00a0\u00bb][\/et_pb_image][\/et_pb_column][\/et_pb_row][\/et_pb_section][et_pb_section fb_built=\u00a0\u00bb1&Prime; _builder_version=\u00a0\u00bb4.23&Prime; _module_preset=\u00a0\u00bbdefault\u00a0\u00bb custom_padding=\u00a0\u00bb||0px|||\u00a0\u00bb global_colors_info=\u00a0\u00bb{}\u00a0\u00bb][et_pb_row _builder_version=\u00a0\u00bb4.23&Prime; _module_preset=\u00a0\u00bbdefault\u00a0\u00bb global_colors_info=\u00a0\u00bb{}\u00a0\u00bb][et_pb_column type=\u00a0\u00bb4_4&Prime; _builder_version=\u00a0\u00bb4.23&Prime; _module_preset=\u00a0\u00bbdefault\u00a0\u00bb global_colors_info=\u00a0\u00bb{}\u00a0\u00bb][et_pb_text _builder_version=\u00a0\u00bb4.23&Prime; _module_preset=\u00a0\u00bbdefault\u00a0\u00bb header_font=\u00a0\u00bbIstok Web||||||||\u00a0\u00bb global_colors_info=\u00a0\u00bb{}\u00a0\u00bb]<\/p>\n<h3 style=\"text-align: center;\"><strong>Les limites de notre plan\u00e8te<\/strong><\/h3>\n<p>[\/et_pb_text][\/et_pb_column][\/et_pb_row][\/et_pb_section][et_pb_section fb_built=\u00a0\u00bb1&Prime; fullwidth=\u00a0\u00bbon\u00a0\u00bb _builder_version=\u00a0\u00bb4.22.2&Prime; _module_preset=\u00a0\u00bbdefault\u00a0\u00bb global_colors_info=\u00a0\u00bb{}\u00a0\u00bb][et_pb_fullwidth_image src=\u00a0\u00bbhttps:\/\/mjoconsulting.eu\/wp-content\/uploads\/2023\/11\/Sustainability-Transition-part-2-2.png\u00a0\u00bb title_text=\u00a0\u00bbSustainability Transition part 2 (2)\u00a0\u00bb _builder_version=\u00a0\u00bb4.23&Prime; _module_preset=\u00a0\u00bbdefault\u00a0\u00bb global_colors_info=\u00a0\u00bb{}\u00a0\u00bb][\/et_pb_fullwidth_image][\/et_pb_section][et_pb_section fb_built=\u00a0\u00bb1&Prime; _builder_version=\u00a0\u00bb4.22.2&Prime; _module_preset=\u00a0\u00bbdefault\u00a0\u00bb global_colors_info=\u00a0\u00bb{}\u00a0\u00bb][et_pb_row _builder_version=\u00a0\u00bb4.22.2&Prime; _module_preset=\u00a0\u00bbdefault\u00a0\u00bb global_colors_info=\u00a0\u00bb{}\u00a0\u00bb][et_pb_column type=\u00a0\u00bb4_4&Prime; _builder_version=\u00a0\u00bb4.22.2&Prime; _module_preset=\u00a0\u00bbdefault\u00a0\u00bb global_colors_info=\u00a0\u00bb{}\u00a0\u00bb][et_pb_text _builder_version=\u00a0\u00bb4.22.2&Prime; _module_preset=\u00a0\u00bbdefault\u00a0\u00bb custom_margin=\u00a0\u00bb-60px||0px||false|false\u00a0\u00bb global_colors_info=\u00a0\u00bb{}\u00a0\u00bb]<\/p>\n<h5 style=\"text-align: center;\"><strong>Source :<\/strong> <a href=\"https:\/\/www.stockholmresilience.org\/research\/planetary-boundaries.html\" target=\"_blank\" rel=\"noopener\">https:\/\/www.stockholmresilience.org\/research\/planetary-boundaries.html<\/a><\/h5>\n<p>[\/et_pb_text][\/et_pb_column][\/et_pb_row][et_pb_row _builder_version=\u00a0\u00bb4.23&Prime; _module_preset=\u00a0\u00bbdefault\u00a0\u00bb global_colors_info=\u00a0\u00bb{}\u00a0\u00bb][et_pb_column type=\u00a0\u00bb4_4&Prime; _builder_version=\u00a0\u00bb4.23&Prime; _module_preset=\u00a0\u00bbdefault\u00a0\u00bb global_colors_info=\u00a0\u00bb{}\u00a0\u00bb][difl_divider divider_line_color=\u00a0\u00bbgcid-8705d844-bf3e-4dba-b8c4-e97b8a5badf8&Prime; line_alignment=\u00a0\u00bbcenter\u00a0\u00bb _builder_version=\u00a0\u00bb4.23&Prime; _module_preset=\u00a0\u00bbdefault\u00a0\u00bb width=\u00a0\u00bb100%\u00a0\u00bb global_colors_info=\u00a0\u00bb{%22gcid-8705d844-bf3e-4dba-b8c4-e97b8a5badf8%22:%91%22divider_line_color%22%93}\u00a0\u00bb][\/difl_divider][\/et_pb_column][\/et_pb_row][\/et_pb_section]<\/p>\n","protected":false},"excerpt":{"rendered":"<p>Comment mettre en place une supply chain durable qui soit b\u00e9n\u00e9fique pour la plan\u00e8te et pour vos r\u00e9sultats ?<div class=\"et_pb_module difl_iconlist difl_iconlist_0\">\n\t\t\t\t\n\t\t\t\t\n\t\t\t\t\n\t\t\t\t\n\t\t\t\t\n\t\t\t\t\n\t\t\t\t<div class=\"et_pb_module_inner\">\n\t\t\t\t\t<div class=\"difl_iconlist_notice\">Add one or more list items.<\/div>\n\t\t\t\t<\/div>\n\t\t\t<\/div><\/p>\n","protected":false},"author":1,"featured_media":0,"parent":0,"menu_order":0,"comment_status":"closed","ping_status":"closed","template":"","meta":{"_et_pb_use_builder":"on","_et_pb_old_content":"<!-- wp:divi\/placeholder \/-->","_et_gb_content_width":"","footnotes":""},"difl_page_category":[],"class_list":["post-279801","page","type-page","status-publish","hentry"],"_links":{"self":[{"href":"https:\/\/mjoconsulting.eu\/fr\/wp-json\/wp\/v2\/pages\/279801","targetHints":{"allow":["GET"]}}],"collection":[{"href":"https:\/\/mjoconsulting.eu\/fr\/wp-json\/wp\/v2\/pages"}],"about":[{"href":"https:\/\/mjoconsulting.eu\/fr\/wp-json\/wp\/v2\/types\/page"}],"author":[{"embeddable":true,"href":"https:\/\/mjoconsulting.eu\/fr\/wp-json\/wp\/v2\/users\/1"}],"replies":[{"embeddable":true,"href":"https:\/\/mjoconsulting.eu\/fr\/wp-json\/wp\/v2\/comments?post=279801"}],"version-history":[{"count":18,"href":"https:\/\/mjoconsulting.eu\/fr\/wp-json\/wp\/v2\/pages\/279801\/revisions"}],"predecessor-version":[{"id":280107,"href":"https:\/\/mjoconsulting.eu\/fr\/wp-json\/wp\/v2\/pages\/279801\/revisions\/280107"}],"wp:attachment":[{"href":"https:\/\/mjoconsulting.eu\/fr\/wp-json\/wp\/v2\/media?parent=279801"}],"wp:term":[{"taxonomy":"difl_page_category","embeddable":true,"href":"https:\/\/mjoconsulting.eu\/fr\/wp-json\/wp\/v2\/difl_page_category?post=279801"}],"curies":[{"name":"wp","href":"https:\/\/api.w.org\/{rel}","templated":true}]}}