{"id":279800,"date":"2023-10-19T07:28:36","date_gmt":"2023-10-19T07:28:36","guid":{"rendered":"https:\/\/mjoconsulting.eu\/channel-management\/"},"modified":"2023-11-16T08:45:31","modified_gmt":"2023-11-16T08:45:31","slug":"gestion-reseaux-de-distribution","status":"publish","type":"page","link":"https:\/\/mjoconsulting.eu\/fr\/gestion-reseaux-de-distribution\/","title":{"rendered":"Gestion des R\u00e9seaux de Distribution"},"content":{"rendered":"<p>[et_pb_section fb_built=\u00a0\u00bb1&Prime; admin_label=\u00a0\u00bb10 Advanced List\u00a0\u00bb _builder_version=\u00a0\u00bb4.18.0&Prime; _module_preset=\u00a0\u00bbdefault\u00a0\u00bb background_image=\u00a0\u00bbhttps:\/\/mjoconsulting.eu\/wp-content\/uploads\/2023\/11\/Rectangle-936.jpg\u00a0\u00bb collapsed=\u00a0\u00bboff\u00a0\u00bb global_colors_info=\u00a0\u00bb{}\u00a0\u00bb][et_pb_row column_structure=\u00a0\u00bb3_5,2_5&Prime; custom_padding_last_edited=\u00a0\u00bbon|phone\u00a0\u00bb _builder_version=\u00a0\u00bb4.19.0&Prime; _module_preset=\u00a0\u00bbdefault\u00a0\u00bb width_tablet=\u00a0\u00bb\u00a0\u00bb width_phone=\u00a0\u00bb90%\u00a0\u00bb width_last_edited=\u00a0\u00bbon|phone\u00a0\u00bb max_width=\u00a0\u00bb1330px\u00a0\u00bb module_alignment=\u00a0\u00bbcenter\u00a0\u00bb custom_padding_tablet=\u00a0\u00bb\u00a0\u00bb custom_padding_phone=\u00a0\u00bb||0px||false|false\u00a0\u00bb custom_css_main_element=\u00a0\u00bbdisplay: flex;||align-items: center;\u00a0\u00bb global_colors_info=\u00a0\u00bb{}\u00a0\u00bb custom_css_main_element_last_edited=\u00a0\u00bbon|tablet\u00a0\u00bb custom_css_main_element_tablet=\u00a0\u00bbdisplay: flex;||flex-direction: column;\u00a0\u00bb custom_css_main_element_phone=\u00a0\u00bbdisplay: flex;||flex-direction: column;\u00a0\u00bb][et_pb_column type=\u00a0\u00bb3_5&Prime; _builder_version=\u00a0\u00bb4.19.0&Prime; _module_preset=\u00a0\u00bbdefault\u00a0\u00bb z_index=\u00a0\u00bb3&Prime; global_colors_info=\u00a0\u00bb{}\u00a0\u00bb custom_css_main_element_last_edited=\u00a0\u00bbon|tablet\u00a0\u00bb custom_css_main_element_tablet=\u00a0\u00bbmargin-bottom: 0px;\u00a0\u00bb custom_css_main_element_phone=\u00a0\u00bbmargin-bottom: 0px;\u00a0\u00bb][et_pb_blurb title=\u00a0\u00bbGestion des R\u00e9seaux de Distribution\u00a0\u00bb content_max_width=\u00a0\u00bb100%\u00a0\u00bb _builder_version=\u00a0\u00bb4.23&Prime; _module_preset=\u00a0\u00bbdefault\u00a0\u00bb header_level=\u00a0\u00bbh2&Prime; header_font=\u00a0\u00bbIstok Web||||||||\u00a0\u00bb header_text_color=\u00a0\u00bb#ffffff\u00a0\u00bb header_font_size=\u00a0\u00bb48px\u00a0\u00bb header_line_height=\u00a0\u00bb58px\u00a0\u00bb body_font=\u00a0\u00bbRoboto||||||||\u00a0\u00bb body_text_color=\u00a0\u00bbrgba(200,197,244,0.68)\u00a0\u00bb body_font_size=\u00a0\u00bb20px\u00a0\u00bb body_line_height=\u00a0\u00bb28px\u00a0\u00bb max_width=\u00a0\u00bb510px\u00a0\u00bb max_width_tablet=\u00a0\u00bb768px\u00a0\u00bb max_width_phone=\u00a0\u00bb768px\u00a0\u00bb max_width_last_edited=\u00a0\u00bbon|tablet\u00a0\u00bb module_alignment=\u00a0\u00bbleft\u00a0\u00bb custom_margin=\u00a0\u00bb||60px||false|false\u00a0\u00bb custom_margin_tablet=\u00a0\u00bb||50px||false|false\u00a0\u00bb custom_margin_phone=\u00a0\u00bb||40px||false|false\u00a0\u00bb custom_margin_last_edited=\u00a0\u00bbon|tablet\u00a0\u00bb custom_padding=\u00a0\u00bb||0px|||\u00a0\u00bb header_font_size_tablet=\u00a0\u00bb38px\u00a0\u00bb header_font_size_phone=\u00a0\u00bb28px\u00a0\u00bb header_font_size_last_edited=\u00a0\u00bbon|tablet\u00a0\u00bb header_line_height_tablet=\u00a0\u00bb48px\u00a0\u00bb header_line_height_phone=\u00a0\u00bb38px\u00a0\u00bb header_line_height_last_edited=\u00a0\u00bbon|tablet\u00a0\u00bb body_font_tablet=\u00a0\u00bbRoboto||||||||\u00a0\u00bb body_font_phone=\u00a0\u00bbRoboto||||||||\u00a0\u00bb body_font_last_edited=\u00a0\u00bbon|phone\u00a0\u00bb body_font_size_tablet=\u00a0\u00bb16px\u00a0\u00bb body_font_size_phone=\u00a0\u00bb16px\u00a0\u00bb body_font_size_last_edited=\u00a0\u00bbon|tablet\u00a0\u00bb body_line_height_tablet=\u00a0\u00bb27px\u00a0\u00bb body_line_height_phone=\u00a0\u00bb26px\u00a0\u00bb body_line_height_last_edited=\u00a0\u00bbon|tablet\u00a0\u00bb custom_css_blurb_title=\u00a0\u00bbpadding-bottom: 20px;\u00a0\u00bb global_colors_info=\u00a0\u00bb{}\u00a0\u00bb]<\/p>\n<p><span style=\"color: #ffffff;\">En fonction de votre acc\u00e8s au march\u00e9, optimisez votre supply chain et votre tr\u00e9sorerie disponible.<\/span><\/p>\n<p>[\/et_pb_blurb][difl_iconlist list_item_equal_width=\u00a0\u00bbon\u00a0\u00bb list_item_tooltip_background_use_gradient=\u00a0\u00bbon\u00a0\u00bb list_item_tooltip_background_color_gradient_1=\u00a0\u00bb#FFFFFF\u00a0\u00bb list_item_tooltip_background_color_gradient_2=\u00a0\u00bb#e8d5fa\u00a0\u00bb list_item_tooltip_background_gradient_direction=\u00a0\u00bb90deg\u00a0\u00bb list_item_content_max_width=\u00a0\u00bb100%\u00a0\u00bb list_item_icon_bg_color=\u00a0\u00bb#241d51&Prime; tooltip_arrow_color=\u00a0\u00bb#e8d5fa\u00a0\u00bb list_item_icon_padding=\u00a0\u00bb1px|1px|2px|1px|false|true\u00a0\u00bb list_item_title_padding=\u00a0\u00bb0px|0px|0px|0px|true|true\u00a0\u00bb list_item_content_padding=\u00a0\u00bb0px|0px|0px|0px|true|true\u00a0\u00bb list_item_wrapper_padding=\u00a0\u00bb0px|0px|40px|0px|false|true\u00a0\u00bb list_item_tooltip_padding=\u00a0\u00bb10px|15px|5px|15px|false|true\u00a0\u00bb list_item_wrapper_padding_tablet=\u00a0\u00bb0px|0px|30px|0px|false|true\u00a0\u00bb list_item_wrapper_padding_phone=\u00a0\u00bb||20px||false|true\u00a0\u00bb list_item_wrapper_padding_last_edited=\u00a0\u00bbon|tablet\u00a0\u00bb _builder_version=\u00a0\u00bb4.23&Prime; _module_preset=\u00a0\u00bbdefault\u00a0\u00bb child_icon_text_font=\u00a0\u00bbRaleway|700|||||||\u00a0\u00bb child_icon_text_text_color=\u00a0\u00bb#a49bec\u00a0\u00bb child_content_text_font=\u00a0\u00bbRoboto||||||||\u00a0\u00bb child_content_text_text_color=\u00a0\u00bbrgba(200,197,244,0.68)\u00a0\u00bb child_content_text_font_size=\u00a0\u00bb20px\u00a0\u00bb child_content_text_line_height=\u00a0\u00bb28px\u00a0\u00bb child_tooltip_text_font=\u00a0\u00bbIstok Web||||||||\u00a0\u00bb child_tooltip_text_text_color=\u00a0\u00bb#030f3f\u00a0\u00bb tooltip_heading_5_font=\u00a0\u00bbIstok Web|700|||||||\u00a0\u00bb tooltip_heading_5_text_color=\u00a0\u00bb#030f3f\u00a0\u00bb tooltip_heading_5_font_size=\u00a0\u00bb15px\u00a0\u00bb z_index=\u00a0\u00bb3&Prime; overflow-x=\u00a0\u00bbvisible\u00a0\u00bb overflow-y=\u00a0\u00bbvisible\u00a0\u00bb custom_margin_tablet=\u00a0\u00bb||0px||false|false\u00a0\u00bb custom_margin_phone=\u00a0\u00bb||0px||false|false\u00a0\u00bb custom_margin_last_edited=\u00a0\u00bbon|tablet\u00a0\u00bb child_title_text_font_size_last_edited=\u00a0\u00bboff|phone\u00a0\u00bb child_content_text_font_size_tablet=\u00a0\u00bb18px\u00a0\u00bb child_content_text_font_size_phone=\u00a0\u00bb16px\u00a0\u00bb child_content_text_font_size_last_edited=\u00a0\u00bbon|tablet\u00a0\u00bb child_content_text_line_height_tablet=\u00a0\u00bb27px\u00a0\u00bb child_content_text_line_height_phone=\u00a0\u00bb26px\u00a0\u00bb child_content_text_line_height_last_edited=\u00a0\u00bbon|phone\u00a0\u00bb custom_css_main_element=\u00a0\u00bbfont-weight: 400;\u00a0\u00bb border_radii_child_image_icon=\u00a0\u00bbon|100px|100px|100px|100px\u00a0\u00bb border_radii_child_tooltip_element=\u00a0\u00bbon|10px|10px|10px|10px\u00a0\u00bb global_colors_info=\u00a0\u00bb{}\u00a0\u00bb][difl_iconlistitem list_item_icon_type=\u00a0\u00bbimage\u00a0\u00bb list_item_image=\u00a0\u00bbhttps:\/\/mjoconsulting.eu\/wp-content\/uploads\/2023\/11\/Untitled-design-36.png\u00a0\u00bb _builder_version=\u00a0\u00bb4.23&Prime; global_colors_info=\u00a0\u00bb{}\u00a0\u00bb]<\/p>\n<p><span style=\"color: #ffffff;\">Dans un monde de plus en plus connect\u00e9, o\u00f9 les barri\u00e8res physiques et num\u00e9riques disparaissent, comment assurer la coh\u00e9rence entre <\/span><span style=\"color: #ffffff;\">tous vos r\u00e9seaux de vente et am\u00e9liorer l&rsquo;exp\u00e9rience Client ?<\/span><\/p>\n<p>[\/difl_iconlistitem][difl_iconlistitem list_item_icon_type=\u00a0\u00bbimage\u00a0\u00bb list_item_image=\u00a0\u00bbhttps:\/\/mjoconsulting.eu\/wp-content\/uploads\/2023\/11\/Untitled-design-36.png\u00a0\u00bb _builder_version=\u00a0\u00bb4.23&Prime; child_content_text_font=\u00a0\u00bb||||||||\u00a0\u00bb child_content_text_text_color=\u00a0\u00bb#FFFFFF\u00a0\u00bb global_colors_info=\u00a0\u00bb{}\u00a0\u00bb]<\/p>\n<p><span style=\"color: #ffffff;\">Il s&rsquo;agit d&rsquo;adopter une approche compl\u00e8te de la cha\u00eene d&rsquo;ex\u00e9cution, d&rsquo;assurer l&rsquo;\u00e9quilibre et la souplesse entre tous les partenaires concern\u00e9s, des fournisseurs aux clients finaux en passant par la logistique, les points de vente et le transport. Il est important de maximiser les synergies et de partager les ressources.<\/span><\/p>\n<p>[\/difl_iconlistitem][difl_iconlistitem list_item_icon_type=\u00a0\u00bbimage\u00a0\u00bb list_item_image=\u00a0\u00bbhttps:\/\/mjoconsulting.eu\/wp-content\/uploads\/2023\/11\/Untitled-design-36.png\u00a0\u00bb _builder_version=\u00a0\u00bb4.23&Prime; child_content_text_font=\u00a0\u00bb||||||||\u00a0\u00bb global_colors_info=\u00a0\u00bb{}\u00a0\u00bb]<\/p>\n<p><span style=\"color: #ffffff;\">Il s&rsquo;agit \u00e9galement d&rsquo;une question de rentabilit\u00e9 et de la mani\u00e8re dont vous concevez votre supply chain pour am\u00e9liorer l&rsquo;exp\u00e9rience du client tout en am\u00e9liorant vos r\u00e9sultats.<\/span><\/p>\n<p>[\/difl_iconlistitem][difl_iconlistitem list_item_icon_type=\u00a0\u00bbimage\u00a0\u00bb list_item_image=\u00a0\u00bbhttps:\/\/mjoconsulting.eu\/wp-content\/uploads\/2023\/11\/Untitled-design-36.png\u00a0\u00bb _builder_version=\u00a0\u00bb4.23&Prime; global_colors_info=\u00a0\u00bb{}\u00a0\u00bb]<\/p>\n<p><span style=\"color: #ffffff;\">Sur la base de votre strat\u00e9gie de distribution, nous vous aidons \u00e0 optimiser tous les aspects de vos r\u00e9seaux de distribution. Cela inclut l&rsquo;exp\u00e9rience client, le co\u00fbt des nouveaux services, l&rsquo;impact sur les syst\u00e8mes informatiques, les niveaux de stocks, les ressources logistiques et la rentabilit\u00e9. Nous encadrons les changements en vous assistant dans leurs mise en place et garantissons des r\u00e9sultats<\/span><br \/><span style=\"color: #ffffff;\">positifs.<\/span><\/p>\n<p>[\/difl_iconlistitem][\/difl_iconlist][\/et_pb_column][et_pb_column type=\u00a0\u00bb2_5&Prime; _builder_version=\u00a0\u00bb4.19.0&Prime; _module_preset=\u00a0\u00bbdefault\u00a0\u00bb z_index=\u00a0\u00bb1&Prime; global_colors_info=\u00a0\u00bb{}\u00a0\u00bb][et_pb_image src=\u00a0\u00bbhttps:\/\/mjoconsulting.eu\/wp-content\/uploads\/2023\/11\/Channel-management-1.png\u00a0\u00bb title_text=\u00a0\u00bbChannel management (1)\u00a0\u00bb _builder_version=\u00a0\u00bb4.22.2&Prime; _module_preset=\u00a0\u00bbdefault\u00a0\u00bb z_index=\u00a0\u00bb1&Prime; custom_margin=\u00a0\u00bb50px||||false|false\u00a0\u00bb global_colors_info=\u00a0\u00bb{}\u00a0\u00bb][\/et_pb_image][\/et_pb_column][\/et_pb_row][\/et_pb_section]<\/p>\n","protected":false},"excerpt":{"rendered":"<p>En fonction de votre acc\u00e8s au march\u00e9, optimisez votre supply chain et votre tr\u00e9sorerie disponible.<div class=\"et_pb_module difl_iconlist difl_iconlist_0\">\n\t\t\t\t\n\t\t\t\t\n\t\t\t\t\n\t\t\t\t\n\t\t\t\t\n\t\t\t\t\n\t\t\t\t<div class=\"et_pb_module_inner\">\n\t\t\t\t\t<div class=\"difl_iconlist_notice\">Add one or more list items.<\/div>\n\t\t\t\t<\/div>\n\t\t\t<\/div><\/p>\n","protected":false},"author":1,"featured_media":0,"parent":0,"menu_order":0,"comment_status":"closed","ping_status":"closed","template":"","meta":{"_et_pb_use_builder":"on","_et_pb_old_content":"<!-- wp:divi\/placeholder \/-->","_et_gb_content_width":"","footnotes":""},"difl_page_category":[],"class_list":["post-279800","page","type-page","status-publish","hentry"],"_links":{"self":[{"href":"https:\/\/mjoconsulting.eu\/fr\/wp-json\/wp\/v2\/pages\/279800","targetHints":{"allow":["GET"]}}],"collection":[{"href":"https:\/\/mjoconsulting.eu\/fr\/wp-json\/wp\/v2\/pages"}],"about":[{"href":"https:\/\/mjoconsulting.eu\/fr\/wp-json\/wp\/v2\/types\/page"}],"author":[{"embeddable":true,"href":"https:\/\/mjoconsulting.eu\/fr\/wp-json\/wp\/v2\/users\/1"}],"replies":[{"embeddable":true,"href":"https:\/\/mjoconsulting.eu\/fr\/wp-json\/wp\/v2\/comments?post=279800"}],"version-history":[{"count":10,"href":"https:\/\/mjoconsulting.eu\/fr\/wp-json\/wp\/v2\/pages\/279800\/revisions"}],"predecessor-version":[{"id":280098,"href":"https:\/\/mjoconsulting.eu\/fr\/wp-json\/wp\/v2\/pages\/279800\/revisions\/280098"}],"wp:attachment":[{"href":"https:\/\/mjoconsulting.eu\/fr\/wp-json\/wp\/v2\/media?parent=279800"}],"wp:term":[{"taxonomy":"difl_page_category","embeddable":true,"href":"https:\/\/mjoconsulting.eu\/fr\/wp-json\/wp\/v2\/difl_page_category?post=279800"}],"curies":[{"name":"wp","href":"https:\/\/api.w.org\/{rel}","templated":true}]}}