{"id":279799,"date":"2023-10-19T07:28:54","date_gmt":"2023-10-19T07:28:54","guid":{"rendered":"https:\/\/mjoconsulting.eu\/supply-chain-risk-management\/"},"modified":"2023-11-16T08:51:04","modified_gmt":"2023-11-16T08:51:04","slug":"gestion-des-risques-de-la-supply-chain","status":"publish","type":"page","link":"https:\/\/mjoconsulting.eu\/fr\/gestion-des-risques-de-la-supply-chain\/","title":{"rendered":"Gestion des Risques de la Supply Chain"},"content":{"rendered":"<p>[et_pb_section fb_built=\u00a0\u00bb1&Prime; admin_label=\u00a0\u00bb10 Advanced List\u00a0\u00bb _builder_version=\u00a0\u00bb4.18.0&Prime; _module_preset=\u00a0\u00bbdefault\u00a0\u00bb background_image=\u00a0\u00bbhttps:\/\/mjoconsulting.eu\/wp-content\/uploads\/2023\/11\/Rectangle-936.jpg\u00a0\u00bb collapsed=\u00a0\u00bboff\u00a0\u00bb global_colors_info=\u00a0\u00bb{}\u00a0\u00bb][et_pb_row column_structure=\u00a0\u00bb3_5,2_5&Prime; custom_padding_last_edited=\u00a0\u00bbon|phone\u00a0\u00bb _builder_version=\u00a0\u00bb4.19.0&Prime; _module_preset=\u00a0\u00bbdefault\u00a0\u00bb width_tablet=\u00a0\u00bb\u00a0\u00bb width_phone=\u00a0\u00bb90%\u00a0\u00bb width_last_edited=\u00a0\u00bbon|phone\u00a0\u00bb max_width=\u00a0\u00bb1330px\u00a0\u00bb module_alignment=\u00a0\u00bbcenter\u00a0\u00bb custom_padding_tablet=\u00a0\u00bb\u00a0\u00bb custom_padding_phone=\u00a0\u00bb||0px||false|false\u00a0\u00bb custom_css_main_element=\u00a0\u00bbdisplay: flex;||align-items: center;\u00a0\u00bb global_colors_info=\u00a0\u00bb{}\u00a0\u00bb custom_css_main_element_last_edited=\u00a0\u00bbon|tablet\u00a0\u00bb custom_css_main_element_tablet=\u00a0\u00bbdisplay: flex;||flex-direction: column;\u00a0\u00bb custom_css_main_element_phone=\u00a0\u00bbdisplay: flex;||flex-direction: column;\u00a0\u00bb][et_pb_column type=\u00a0\u00bb3_5&Prime; _builder_version=\u00a0\u00bb4.19.0&Prime; _module_preset=\u00a0\u00bbdefault\u00a0\u00bb z_index=\u00a0\u00bb3&Prime; global_colors_info=\u00a0\u00bb{}\u00a0\u00bb custom_css_main_element_last_edited=\u00a0\u00bbon|tablet\u00a0\u00bb custom_css_main_element_tablet=\u00a0\u00bbmargin-bottom: 0px;\u00a0\u00bb custom_css_main_element_phone=\u00a0\u00bbmargin-bottom: 0px;\u00a0\u00bb][et_pb_blurb title=\u00a0\u00bbGestion des Risques  de la Supply Chain \u00a0\u00bb content_max_width=\u00a0\u00bb100%\u00a0\u00bb _builder_version=\u00a0\u00bb4.23&Prime; _module_preset=\u00a0\u00bbdefault\u00a0\u00bb header_level=\u00a0\u00bbh2&Prime; header_font=\u00a0\u00bbIstok Web||||||||\u00a0\u00bb header_text_color=\u00a0\u00bb#ffffff\u00a0\u00bb header_font_size=\u00a0\u00bb48px\u00a0\u00bb header_line_height=\u00a0\u00bb58px\u00a0\u00bb body_font=\u00a0\u00bbRoboto||||||||\u00a0\u00bb body_text_color=\u00a0\u00bbrgba(200,197,244,0.68)\u00a0\u00bb body_font_size=\u00a0\u00bb20px\u00a0\u00bb body_line_height=\u00a0\u00bb28px\u00a0\u00bb max_width=\u00a0\u00bb510px\u00a0\u00bb max_width_tablet=\u00a0\u00bb768px\u00a0\u00bb max_width_phone=\u00a0\u00bb768px\u00a0\u00bb max_width_last_edited=\u00a0\u00bbon|tablet\u00a0\u00bb module_alignment=\u00a0\u00bbleft\u00a0\u00bb custom_margin=\u00a0\u00bb|-42px|60px||false|false\u00a0\u00bb custom_margin_tablet=\u00a0\u00bb||50px||false|false\u00a0\u00bb custom_margin_phone=\u00a0\u00bb||40px||false|false\u00a0\u00bb custom_margin_last_edited=\u00a0\u00bbon|tablet\u00a0\u00bb header_font_size_tablet=\u00a0\u00bb38px\u00a0\u00bb header_font_size_phone=\u00a0\u00bb28px\u00a0\u00bb header_font_size_last_edited=\u00a0\u00bbon|tablet\u00a0\u00bb header_line_height_tablet=\u00a0\u00bb48px\u00a0\u00bb header_line_height_phone=\u00a0\u00bb38px\u00a0\u00bb header_line_height_last_edited=\u00a0\u00bbon|tablet\u00a0\u00bb body_font_size_tablet=\u00a0\u00bb16px\u00a0\u00bb body_font_size_phone=\u00a0\u00bb16px\u00a0\u00bb body_font_size_last_edited=\u00a0\u00bbon|phone\u00a0\u00bb body_line_height_tablet=\u00a0\u00bb27px\u00a0\u00bb body_line_height_phone=\u00a0\u00bb26px\u00a0\u00bb body_line_height_last_edited=\u00a0\u00bbon|tablet\u00a0\u00bb custom_css_blurb_title=\u00a0\u00bbpadding-bottom: 20px;\u00a0\u00bb global_colors_info=\u00a0\u00bb{}\u00a0\u00bb]<\/p>\n<p><span style=\"color: #ffffff;\">Avec l&rsquo;aide de l&rsquo;IA, nous surveillons votre r\u00e9seau de fournisseurs.<\/span><\/p>\n<p>[\/et_pb_blurb][difl_iconlist list_item_equal_width=\u00a0\u00bbon\u00a0\u00bb list_item_tooltip_background_use_gradient=\u00a0\u00bbon\u00a0\u00bb list_item_tooltip_background_color_gradient_1=\u00a0\u00bb#FFFFFF\u00a0\u00bb list_item_tooltip_background_color_gradient_2=\u00a0\u00bb#e8d5fa\u00a0\u00bb list_item_tooltip_background_gradient_direction=\u00a0\u00bb90deg\u00a0\u00bb list_item_content_max_width=\u00a0\u00bb100%\u00a0\u00bb list_item_icon_bg_color=\u00a0\u00bb#241d51&Prime; tooltip_arrow_color=\u00a0\u00bb#e8d5fa\u00a0\u00bb list_item_icon_padding=\u00a0\u00bb1px|1px|2px|1px|false|true\u00a0\u00bb list_item_title_padding=\u00a0\u00bb0px|0px|0px|0px|true|true\u00a0\u00bb list_item_content_padding=\u00a0\u00bb0px|0px|0px|0px|true|true\u00a0\u00bb list_item_wrapper_padding=\u00a0\u00bb0px|0px|40px|0px|false|true\u00a0\u00bb list_item_tooltip_padding=\u00a0\u00bb10px|15px|5px|15px|false|true\u00a0\u00bb list_item_wrapper_padding_tablet=\u00a0\u00bb0px|0px|30px|0px|false|true\u00a0\u00bb list_item_wrapper_padding_phone=\u00a0\u00bb||20px||false|true\u00a0\u00bb list_item_wrapper_padding_last_edited=\u00a0\u00bbon|tablet\u00a0\u00bb _builder_version=\u00a0\u00bb4.23&Prime; _module_preset=\u00a0\u00bbdefault\u00a0\u00bb child_icon_text_font=\u00a0\u00bbRaleway|700|||||||\u00a0\u00bb child_icon_text_text_color=\u00a0\u00bb#a49bec\u00a0\u00bb child_content_text_font=\u00a0\u00bbRoboto||||||||\u00a0\u00bb child_content_text_text_color=\u00a0\u00bbrgba(200,197,244,0.68)\u00a0\u00bb child_content_text_font_size=\u00a0\u00bb20px\u00a0\u00bb child_content_text_line_height=\u00a0\u00bb28px\u00a0\u00bb child_tooltip_text_font=\u00a0\u00bbIstok Web||||||||\u00a0\u00bb child_tooltip_text_text_color=\u00a0\u00bb#030f3f\u00a0\u00bb tooltip_heading_5_font=\u00a0\u00bbIstok Web|700|||||||\u00a0\u00bb tooltip_heading_5_text_color=\u00a0\u00bb#030f3f\u00a0\u00bb tooltip_heading_5_font_size=\u00a0\u00bb15px\u00a0\u00bb z_index=\u00a0\u00bb3&Prime; overflow-x=\u00a0\u00bbvisible\u00a0\u00bb overflow-y=\u00a0\u00bbvisible\u00a0\u00bb custom_margin_tablet=\u00a0\u00bb||0px||false|false\u00a0\u00bb custom_margin_phone=\u00a0\u00bb||0px||false|false\u00a0\u00bb custom_margin_last_edited=\u00a0\u00bbon|tablet\u00a0\u00bb child_title_text_font_size_last_edited=\u00a0\u00bboff|phone\u00a0\u00bb child_content_text_font_size_tablet=\u00a0\u00bb18px\u00a0\u00bb child_content_text_font_size_phone=\u00a0\u00bb16px\u00a0\u00bb child_content_text_font_size_last_edited=\u00a0\u00bbon|tablet\u00a0\u00bb child_content_text_line_height_tablet=\u00a0\u00bb27px\u00a0\u00bb child_content_text_line_height_phone=\u00a0\u00bb26px\u00a0\u00bb child_content_text_line_height_last_edited=\u00a0\u00bbon|phone\u00a0\u00bb custom_css_main_element=\u00a0\u00bbfont-weight: 400;\u00a0\u00bb border_radii_child_image_icon=\u00a0\u00bbon|100px|100px|100px|100px\u00a0\u00bb border_radii_child_tooltip_element=\u00a0\u00bbon|10px|10px|10px|10px\u00a0\u00bb global_colors_info=\u00a0\u00bb{}\u00a0\u00bb][difl_iconlistitem list_item_icon_type=\u00a0\u00bbimage\u00a0\u00bb list_item_image=\u00a0\u00bbhttps:\/\/mjoconsulting.eu\/wp-content\/uploads\/2023\/11\/Untitled-design-36.png\u00a0\u00bb _builder_version=\u00a0\u00bb4.23&Prime; global_colors_info=\u00a0\u00bb{}\u00a0\u00bb]<\/p>\n<p><span style=\"color: #ffffff;\">La supply chain est de plus en plus complexe. Et malheureusement, plus de complexit\u00e9 signifie plus de risques ! Comment pouvez-vous \u00eatre au courant de tout, 24<\/span><br \/><span style=\"color: #ffffff;\">heures sur 24, 7 jours sur 7 ?<\/span><\/p>\n<p><span style=\"color: #ffffff;\"><\/span><\/p>\n<p><span style=\"color: #ffffff;\"><\/span><\/p>\n<p>[\/difl_iconlistitem][difl_iconlistitem list_item_icon_type=\u00a0\u00bbimage\u00a0\u00bb list_item_image=\u00a0\u00bbhttps:\/\/mjoconsulting.eu\/wp-content\/uploads\/2023\/11\/Untitled-design-36.png\u00a0\u00bb _builder_version=\u00a0\u00bb4.23&Prime; child_content_text_font=\u00a0\u00bb||||||||\u00a0\u00bb child_content_text_text_color=\u00a0\u00bb#FFFFFF\u00a0\u00bb custom_margin=\u00a0\u00bb-50px||||false|false\u00a0\u00bb global_colors_info=\u00a0\u00bb{}\u00a0\u00bb]<\/p>\n<p>L&rsquo;environnement r\u00e9glementaire est lui aussi extr\u00eamement dynamique. Avec la Loi allemande relative au devoir de diligence en mati\u00e8re de Supply Chain (ou LkSG) et bient\u00f4t la Directive Europeenne CS3D relative au devoir de vigilance, de plus en plus d&rsquo;entreprises auront l&rsquo;obligation d&rsquo;int\u00e9grer formellement la gestion des risques dans leur gouvernance par la mise en place de processus de due diligence sur l\u2019int\u00e9gralite de la supply chain.<\/p>\n<p>[\/difl_iconlistitem][difl_iconlistitem list_item_icon_type=\u00a0\u00bbimage\u00a0\u00bb list_item_image=\u00a0\u00bbhttps:\/\/mjoconsulting.eu\/wp-content\/uploads\/2023\/11\/Untitled-design-36.png\u00a0\u00bb _builder_version=\u00a0\u00bb4.23&Prime; child_content_text_font=\u00a0\u00bb||||||||\u00a0\u00bb global_colors_info=\u00a0\u00bb{}\u00a0\u00bb]<\/p>\n<p><span style=\"color: #ffffff;\">Gr\u00e2ce \u00e0 notre expertise, notre m\u00e9thodologie et nos outils, nous nous assurons que vous comprenez les impacts des ces r\u00e8gles quel que soit la taille de votre entreprise dans la mesure o\u00f9 les PME, en tant qu\u2019acteurs de la supply chain, seront \u00e9galement impact\u00e9es. Nous vous aidons \u00e0 vous pr\u00e9parer \u00e0 ces \u00e9ch\u00e9ances en mettant en \u0153uvre des processus et des outils efficaces. En combinant des approches multiples, nous construisons la transparence de votre supply chain.<\/span><\/p>\n<p>[\/difl_iconlistitem][difl_iconlistitem list_item_icon_type=\u00a0\u00bbimage\u00a0\u00bb list_item_image=\u00a0\u00bbhttps:\/\/mjoconsulting.eu\/wp-content\/uploads\/2023\/11\/Untitled-design-36.png\u00a0\u00bb _builder_version=\u00a0\u00bb4.23&Prime; global_colors_info=\u00a0\u00bb{}\u00a0\u00bb]<\/p>\n<p><span style=\"color: #ffffff;\">Nous cartographions vos fournisseurs, vos produits et vos mati\u00e8res premi\u00e8res dans notre outil. Cela nous permettra (permet ou ,nous permettant) de vous offrir une visibilit\u00e9 complete sur une grande vari\u00e9t\u00e9 de risques pour l\u2019ensemble de votre supply chain et de votre r\u00e9seau de fournisseurs.<\/span><\/p>\n<p>[\/difl_iconlistitem][difl_iconlistitem list_item_icon_type=\u00a0\u00bbimage\u00a0\u00bb list_item_image=\u00a0\u00bbhttps:\/\/mjoconsulting.eu\/wp-content\/uploads\/2023\/11\/Untitled-design-36.png\u00a0\u00bb alt=\u00a0\u00bbIcon Image\u00a0\u00bb admin_label=\u00a0\u00bbList item\u00a0\u00bb _builder_version=\u00a0\u00bb4.23&Prime; _module_preset=\u00a0\u00bbdefault\u00a0\u00bb global_colors_info=\u00a0\u00bb{}\u00a0\u00bb]<\/p>\n<p><span style=\"color: #ffffff;\">\u00c0 partir de ces donn\u00e9es, nous vous aidons \u00e0 mettre en place une supply chain r\u00e9siliente et durable autour de deux axes :<\/span><\/p>\n<p style=\"padding-left: 40px;\"><span style=\"color: #ffffff;\">1. Une analyse pr\u00e9ventive de la gestion des risques<\/span><\/p>\n<p style=\"padding-left: 40px;\"><span style=\"color: #ffffff;\">2.Un plan d&rsquo;action correctif gr\u00e2ce \u00e0 des alertes en temps r\u00e9el. Cela se traduit par une correction plus rapide des incidents.<\/span><\/p>\n<p>[\/difl_iconlistitem][difl_iconlistitem list_item_icon_type=\u00a0\u00bbimage\u00a0\u00bb list_item_image=\u00a0\u00bbhttps:\/\/mjoconsulting.eu\/wp-content\/uploads\/2023\/11\/Untitled-design-36.png\u00a0\u00bb alt=\u00a0\u00bbIcon Image\u00a0\u00bb admin_label=\u00a0\u00bbList item\u00a0\u00bb _builder_version=\u00a0\u00bb4.23&Prime; _module_preset=\u00a0\u00bbdefault\u00a0\u00bb global_colors_info=\u00a0\u00bb{}\u00a0\u00bb]<\/p>\n<p><span style=\"color: #ffffff;\">Plus qu\u2019une simple gestion des donn\u00e9es, nous proposons une approche globale pour r\u00e9duire l&rsquo;exposition aux risques et leurs cons\u00e9quences financi\u00e8res et <\/span><span style=\"color: #ffffff;\">r\u00e9eputationnelles.<\/span><\/p>\n<p>[\/difl_iconlistitem][difl_iconlistitem list_item_icon_type=\u00a0\u00bbimage\u00a0\u00bb list_item_image=\u00a0\u00bbhttps:\/\/mjoconsulting.eu\/wp-content\/uploads\/2023\/11\/Untitled-design-36.png\u00a0\u00bb alt=\u00a0\u00bbIcon Image\u00a0\u00bb admin_label=\u00a0\u00bbList item\u00a0\u00bb _builder_version=\u00a0\u00bb4.23&Prime; _module_preset=\u00a0\u00bbdefault\u00a0\u00bb global_colors_info=\u00a0\u00bb{}\u00a0\u00bb]<\/p>\n<p><span style=\"color: #ffffff;\">Nos outils et notre m\u00e9thodologie sont \u00e9galement con\u00e7us pour le suivi des investissements, les opportunites de fusions-acquisitions et les bilans de sant\u00e9 des entreprises.<\/span><\/p>\n<p>[\/difl_iconlistitem][\/difl_iconlist][\/et_pb_column][et_pb_column type=\u00a0\u00bb2_5&Prime; _builder_version=\u00a0\u00bb4.19.0&Prime; _module_preset=\u00a0\u00bbdefault\u00a0\u00bb z_index=\u00a0\u00bb1&Prime; global_colors_info=\u00a0\u00bb{}\u00a0\u00bb][et_pb_image src=\u00a0\u00bbhttps:\/\/mjoconsulting.eu\/wp-content\/uploads\/2023\/11\/Interim-Management.png\u00a0\u00bb title_text=\u00a0\u00bbInterim Management\u00a0\u00bb _builder_version=\u00a0\u00bb4.22.2&Prime; _module_preset=\u00a0\u00bbdefault\u00a0\u00bb z_index=\u00a0\u00bb1&Prime; global_colors_info=\u00a0\u00bb{}\u00a0\u00bb][\/et_pb_image][\/et_pb_column][\/et_pb_row][\/et_pb_section]<\/p>\n","protected":false},"excerpt":{"rendered":"<p>Avec l&rsquo;aide de l&rsquo;IA, nous surveillons votre r\u00e9seau de fournisseurs.<div class=\"et_pb_module difl_iconlist difl_iconlist_0\">\n\t\t\t\t\n\t\t\t\t\n\t\t\t\t\n\t\t\t\t\n\t\t\t\t\n\t\t\t\t\n\t\t\t\t<div class=\"et_pb_module_inner\">\n\t\t\t\t\t<div class=\"difl_iconlist_notice\">Add one or more list items.<\/div>\n\t\t\t\t<\/div>\n\t\t\t<\/div><\/p>\n","protected":false},"author":1,"featured_media":0,"parent":0,"menu_order":0,"comment_status":"closed","ping_status":"closed","template":"","meta":{"_et_pb_use_builder":"on","_et_pb_old_content":"<!-- wp:divi\/placeholder \/-->","_et_gb_content_width":"","footnotes":""},"difl_page_category":[],"class_list":["post-279799","page","type-page","status-publish","hentry"],"_links":{"self":[{"href":"https:\/\/mjoconsulting.eu\/fr\/wp-json\/wp\/v2\/pages\/279799","targetHints":{"allow":["GET"]}}],"collection":[{"href":"https:\/\/mjoconsulting.eu\/fr\/wp-json\/wp\/v2\/pages"}],"about":[{"href":"https:\/\/mjoconsulting.eu\/fr\/wp-json\/wp\/v2\/types\/page"}],"author":[{"embeddable":true,"href":"https:\/\/mjoconsulting.eu\/fr\/wp-json\/wp\/v2\/users\/1"}],"replies":[{"embeddable":true,"href":"https:\/\/mjoconsulting.eu\/fr\/wp-json\/wp\/v2\/comments?post=279799"}],"version-history":[{"count":12,"href":"https:\/\/mjoconsulting.eu\/fr\/wp-json\/wp\/v2\/pages\/279799\/revisions"}],"predecessor-version":[{"id":280108,"href":"https:\/\/mjoconsulting.eu\/fr\/wp-json\/wp\/v2\/pages\/279799\/revisions\/280108"}],"wp:attachment":[{"href":"https:\/\/mjoconsulting.eu\/fr\/wp-json\/wp\/v2\/media?parent=279799"}],"wp:term":[{"taxonomy":"difl_page_category","embeddable":true,"href":"https:\/\/mjoconsulting.eu\/fr\/wp-json\/wp\/v2\/difl_page_category?post=279799"}],"curies":[{"name":"wp","href":"https:\/\/api.w.org\/{rel}","templated":true}]}}