{"id":279789,"date":"2023-10-19T09:01:57","date_gmt":"2023-10-19T09:01:57","guid":{"rendered":"https:\/\/mjoconsulting.eu\/our-services\/"},"modified":"2023-11-16T08:53:04","modified_gmt":"2023-11-16T08:53:04","slug":"nos-services","status":"publish","type":"page","link":"https:\/\/mjoconsulting.eu\/fr\/nos-services\/","title":{"rendered":"Nos Services"},"content":{"rendered":"<p>[et_pb_section fb_built=\u00a0\u00bb1&Prime; admin_label=\u00a0\u00bb02 Advanced Tabs\u00a0\u00bb _builder_version=\u00a0\u00bb4.22.2&Prime; _module_preset=\u00a0\u00bbdefault\u00a0\u00bb background_color=\u00a0\u00bbgcid-ce485c1a-bd78-4dee-bac6-17c70625f766&Prime; custom_padding=\u00a0\u00bb3px||0px||false|false\u00a0\u00bb locked=\u00a0\u00bboff\u00a0\u00bb collapsed=\u00a0\u00bbon\u00a0\u00bb global_colors_info=\u00a0\u00bb{%22gcid-ce485c1a-bd78-4dee-bac6-17c70625f766%22:%91%22background_color%22%93}\u00a0\u00bb][et_pb_row _builder_version=\u00a0\u00bb4.22.2&Prime; _module_preset=\u00a0\u00bbdefault\u00a0\u00bb custom_padding=\u00a0\u00bb40px|||||\u00a0\u00bb global_colors_info=\u00a0\u00bb{}\u00a0\u00bb][et_pb_column type=\u00a0\u00bb4_4&Prime; _builder_version=\u00a0\u00bb4.22.2&Prime; _module_preset=\u00a0\u00bbdefault\u00a0\u00bb global_colors_info=\u00a0\u00bb{}\u00a0\u00bb][et_pb_text _builder_version=\u00a0\u00bb4.23&Prime; _module_preset=\u00a0\u00bbdefault\u00a0\u00bb header_font=\u00a0\u00bbRoboto||||||||\u00a0\u00bb header_font_size=\u00a0\u00bb34px\u00a0\u00bb global_colors_info=\u00a0\u00bb{}\u00a0\u00bb]<\/p>\n<h1 style=\"text-align: center;\"><span style=\"color: #ffffff;\">Nos Services<\/span><\/h1>\n<p>[\/et_pb_text][et_pb_text _builder_version=\u00a0\u00bb4.23&Prime; _module_preset=\u00a0\u00bbdefault\u00a0\u00bb header_font=\u00a0\u00bbRoboto||||||||\u00a0\u00bb header_font_size=\u00a0\u00bb34px\u00a0\u00bb global_colors_info=\u00a0\u00bb{}\u00a0\u00bb]<\/p>\n<h2 style=\"text-align: center;\"><span style=\"color: #ffffff;\"><br \/>Transformez votre supply chain pour stimuler les performances <\/span><\/h2>\n<h2 style=\"text-align: center;\"><span style=\"color: #ffffff;\">de votre entreprise, <\/span><span style=\"color: #ffffff;\">am\u00e9liorer la satisfaction de vos clients et <\/span><\/h2>\n<h2 style=\"text-align: center;\"><span style=\"color: #ffffff;\">vous construire un avenir meilleur, sur le long-<\/span><span style=\"color: #ffffff;\">terme.<\/span><\/h2>\n<p>[\/et_pb_text][\/et_pb_column][\/et_pb_row][\/et_pb_section][et_pb_section fb_built=\u00a0\u00bb1&Prime; custom_padding_last_edited=\u00a0\u00bbon|tablet\u00a0\u00bb admin_label=\u00a0\u00bb15 Advanced Tabs\u00a0\u00bb _builder_version=\u00a0\u00bb4.22.2&Prime; _module_preset=\u00a0\u00bbdefault\u00a0\u00bb background_color=\u00a0\u00bbgcid-ce485c1a-bd78-4dee-bac6-17c70625f766&Prime; custom_padding=\u00a0\u00bb168px|||||\u00a0\u00bb custom_padding_tablet=\u00a0\u00bb40px||||false|false\u00a0\u00bb custom_padding_phone=\u00a0\u00bb\u00a0\u00bb locked=\u00a0\u00bboff\u00a0\u00bb collapsed=\u00a0\u00bbon\u00a0\u00bb global_colors_info=\u00a0\u00bb{%22gcid-ce485c1a-bd78-4dee-bac6-17c70625f766%22:%91%22background_color%22%93}\u00a0\u00bb][et_pb_row _builder_version=\u00a0\u00bb4.22.2&Prime; _module_preset=\u00a0\u00bbdefault\u00a0\u00bb custom_margin=\u00a0\u00bb||0px||false|false\u00a0\u00bb collapsed=\u00a0\u00bboff\u00a0\u00bb global_colors_info=\u00a0\u00bb{}\u00a0\u00bb][et_pb_column type=\u00a0\u00bb4_4&Prime; _builder_version=\u00a0\u00bb4.16&Prime; _module_preset=\u00a0\u00bbdefault\u00a0\u00bb global_colors_info=\u00a0\u00bb{}\u00a0\u00bb][difl_advancedtab content_container_bgcolor=\u00a0\u00bbgcid-d90a7b6a-4e31-4381-a6e5-680756622201&Prime; nav_container_bgcolor=\u00a0\u00bb#ffffff\u00a0\u00bb use_nav_width=\u00a0\u00bbon\u00a0\u00bb nav_max_width=\u00a0\u00bb185px\u00a0\u00bb nav_align=\u00a0\u00bbflex_center\u00a0\u00bb nav_item_bgcolor=\u00a0\u00bb#004aad\u00a0\u00bb nav_item_use_gradient=\u00a0\u00bbon\u00a0\u00bb nav_item_color_gradient_1=\u00a0\u00bb#ec407a\u00a0\u00bb nav_item_color_gradient_2=\u00a0\u00bb#ec407a\u00a0\u00bb nav_item_radial_direction=\u00a0\u00bbtop_left\u00a0\u00bb nav_item_start_position=\u00a0\u00bb24%\u00a0\u00bb nav_item_end_position=\u00a0\u00bb0%\u00a0\u00bb nav_item_background_image_size=\u00a0\u00bbcustom\u00a0\u00bb nav_item_size_width=\u00a0\u00bb100%\u00a0\u00bb nav_item_size_height=\u00a0\u00bb0%\u00a0\u00bb nav_item_active_bgcolor=\u00a0\u00bb#347adb\u00a0\u00bb nav_item_active_use_gradient=\u00a0\u00bbon\u00a0\u00bb nav_item_active_color_gradient_1=\u00a0\u00bbRGBA(255,255,255,0)\u00a0\u00bb nav_item_active_color_gradient_2=\u00a0\u00bbRGBA(255,255,255,0)\u00a0\u00bb nav_item_active_background_image_size=\u00a0\u00bbcustom\u00a0\u00bb nav_item_active_size_width=\u00a0\u00bb100%\u00a0\u00bb nav_item_active_size_height=\u00a0\u00bb100%\u00a0\u00bb icon_color=\u00a0\u00bbgcid-d90a7b6a-4e31-4381-a6e5-680756622201&Prime; icon_size=\u00a0\u00bb19px\u00a0\u00bb icon_align=\u00a0\u00bbleft\u00a0\u00bb use_active_arrow=\u00a0\u00bboff\u00a0\u00bb button_bgcolor=\u00a0\u00bb#347adb\u00a0\u00bb button_use_gradient=\u00a0\u00bbon\u00a0\u00bb button_color_gradient_1=\u00a0\u00bbgcid-044af376-8f8e-42d8-a00a-75a68a87a648&Prime; button_color_gradient_2=\u00a0\u00bbgcid-044af376-8f8e-42d8-a00a-75a68a87a648&Prime; button_background_image_size=\u00a0\u00bbcustom\u00a0\u00bb button_size_width=\u00a0\u00bb100%\u00a0\u00bb button_size_height=\u00a0\u00bb0%\u00a0\u00bb button_margin=\u00a0\u00bb26px||||false|false\u00a0\u00bb nav_wrapper_margin=\u00a0\u00bb-111px||30px||false|false\u00a0\u00bb nav_wrapper_margin_tablet=\u00a0\u00bb22px||-19px||false|false\u00a0\u00bb nav_wrapper_margin_phone=\u00a0\u00bb\u00a0\u00bb nav_wrapper_margin_last_edited=\u00a0\u00bbon|tablet\u00a0\u00bb image_wrapper_margin_tablet=\u00a0\u00bb\u00a0\u00bb image_wrapper_margin_phone=\u00a0\u00bb||15px||false|false\u00a0\u00bb image_wrapper_margin_last_edited=\u00a0\u00bbon|phone\u00a0\u00bb nav_item_margin=\u00a0\u00bb|19px|||false|false\u00a0\u00bb nav_item_margin_tablet=\u00a0\u00bb|0px|21px||false|false\u00a0\u00bb nav_item_margin_phone=\u00a0\u00bb\u00a0\u00bb nav_item_margin_last_edited=\u00a0\u00bbon|tablet\u00a0\u00bb nav_item_padding=\u00a0\u00bb27px|28px|23px|28px|false|true\u00a0\u00bb nav_item_first_margin=\u00a0\u00bb||||false|false\u00a0\u00bb nav_item_last_margin=\u00a0\u00bb|0px|||false|false\u00a0\u00bb nav_min_width_tablet=\u00a0\u00bb\u00a0\u00bb nav_min_width_phone=\u00a0\u00bb\u00a0\u00bb nav_min_width_last_edited=\u00a0\u00bbon|tablet\u00a0\u00bb nav_max_width_tablet=\u00a0\u00bb80%\u00a0\u00bb nav_max_width_phone=\u00a0\u00bb\u00a0\u00bb nav_max_width_last_edited=\u00a0\u00bbon|tablet\u00a0\u00bb _builder_version=\u00a0\u00bb4.23&Prime; _module_preset=\u00a0\u00bbdefault\u00a0\u00bb title_font=\u00a0\u00bbMontserrat|700|||||||\u00a0\u00bb title_text_align=\u00a0\u00bbleft\u00a0\u00bb title_text_color=\u00a0\u00bb#FFFFFF\u00a0\u00bb title_line_height=\u00a0\u00bb2em\u00a0\u00bb subtitle_text_color=\u00a0\u00bb#FFFFFF\u00a0\u00bb text_font=\u00a0\u00bbRoboto||||||||\u00a0\u00bb text_font_size=\u00a0\u00bb16px\u00a0\u00bb text_line_height=\u00a0\u00bb1.9em\u00a0\u00bb header_2_font=\u00a0\u00bbPoppins|700|||||||\u00a0\u00bb header_2_font_size=\u00a0\u00bb33px\u00a0\u00bb header_2_line_height=\u00a0\u00bb1.3em\u00a0\u00bb button_font=\u00a0\u00bbPoppins||||||||\u00a0\u00bb button_text_color=\u00a0\u00bb#FFFFFF\u00a0\u00bb background_color=\u00a0\u00bb#f2f2f2&Prime; hover_transition_duration=\u00a0\u00bb0ms\u00a0\u00bb header_2_font_size_tablet=\u00a0\u00bb\u00a0\u00bb header_2_font_size_phone=\u00a0\u00bb22px\u00a0\u00bb header_2_font_size_last_edited=\u00a0\u00bbon|phone\u00a0\u00bb border_width_all=\u00a0\u00bb2px\u00a0\u00bb border_radii_nav_item=\u00a0\u00bbon|3px|3px|3px|3px\u00a0\u00bb box_shadow_style_nav_item=\u00a0\u00bbpreset1&Prime; box_shadow_color_nav_item=\u00a0\u00bbrgba(0,0,0,0.29)\u00a0\u00bb global_colors_info=\u00a0\u00bb{%22gcid-044af376-8f8e-42d8-a00a-75a68a87a648%22:%91%22button_color_gradient_2%22%93}\u00a0\u00bb button_size_height__hover_enabled=\u00a0\u00bbon|hover\u00a0\u00bb button_size_height__hover=\u00a0\u00bb100%\u00a0\u00bb border_radii_content_wrapper__hover_enabled=\u00a0\u00bbon|desktop\u00a0\u00bb nav_item_bgcolor__hover_enabled=\u00a0\u00bbon|desktop\u00a0\u00bb nav_item_active_bgcolor__hover_enabled=\u00a0\u00bboff|hover\u00a0\u00bb title_font_size__hover_enabled=\u00a0\u00bbon|hover\u00a0\u00bb nav_item_bgcolor__hover=\u00a0\u00bb#004aad\u00a0\u00bb button_bgcolor__hover_enabled=\u00a0\u00bbon|hover\u00a0\u00bb button_bgcolor__hover=\u00a0\u00bb#347adb\u00a0\u00bb][difl_advancedtabitem title=\u00a0\u00bbSTRAT\u00c9GIE SUPPLY CHAIN \u00a0\u00bb use_icon=\u00a0\u00bbon\u00a0\u00bb font_icon=\u00a0\u00bb&#xe102;||divi||400&Prime; image=\u00a0\u00bbhttps:\/\/mjoconsulting.eu\/wp-content\/uploads\/2023\/10\/strategy-_7_-1.webp\u00a0\u00bb img_placement=\u00a0\u00bbflex_right\u00a0\u00bb img_container_width=\u00a0\u00bb59%\u00a0\u00bb img_placement_phone=\u00a0\u00bbflex_top\u00a0\u00bb at_button_button_text=\u00a0\u00bbEn savoir plus \u00a0\u00bb at_button_button_url=\u00a0\u00bbhttps:\/\/mjoconsulting.eu\/fr\/strategie-supply-chain\/\u00a0\u00bb at_button_button_url_new_window=\u00a0\u00bb1&Prime; image_wrapper_margin=\u00a0\u00bb|||40px|false|false\u00a0\u00bb content_margin=\u00a0\u00bb||11px||false|false\u00a0\u00bb content_padding=\u00a0\u00bb||7px||false|false\u00a0\u00bb image_size_maxwidth_tablet=\u00a0\u00bb\u00a0\u00bb image_size_maxwidth_phone=\u00a0\u00bb100%\u00a0\u00bb image_size_maxwidth_last_edited=\u00a0\u00bbon|phone\u00a0\u00bb image_size_alignment_tablet=\u00a0\u00bb\u00a0\u00bb image_size_alignment_phone=\u00a0\u00bbcenter\u00a0\u00bb image_size_alignment_last_edited=\u00a0\u00bbon|phone\u00a0\u00bb _builder_version=\u00a0\u00bb4.23&Prime; _module_preset=\u00a0\u00bbdefault\u00a0\u00bb subtitle_font=\u00a0\u00bbRoboto|300|||||||\u00a0\u00bb border_radii_image=\u00a0\u00bbon|6px|6px|6px|6px\u00a0\u00bb global_colors_info=\u00a0\u00bb{%22gcid-044af376-8f8e-42d8-a00a-75a68a87a648%22:%91%22button_bgcolor__hover%22%93}\u00a0\u00bb button_bgcolor__hover_enabled=\u00a0\u00bbon|hover\u00a0\u00bb button_bgcolor__hover=\u00a0\u00bb#6d6d6d\u00a0\u00bb]<\/p>\n<h2>STRAT\u00c9GIE SUPPLY CHAIN<\/h2>\n<p>Tourn\u00e9s vers l&rsquo;avenir, nous vous aidons \u00e0 \u00e9valuer et \u00e0 r\u00e9imaginer votre supply chain, dans son int\u00e9gralit\u00e9.<\/p>\n<p>&nbsp;<\/p>\n<p>[\/difl_advancedtabitem][difl_advancedtabitem title=\u00a0\u00bbPERFORMANCE OP\u00c9RATIONNELLE\u00a0\u00bb use_icon=\u00a0\u00bbon\u00a0\u00bb font_icon=\u00a0\u00bb&#xf201;||fa||900&Prime; image=\u00a0\u00bbhttps:\/\/mjoconsulting.eu\/wp-content\/uploads\/2023\/10\/supply-chain-performance-2.webp\u00a0\u00bb alt=\u00a0\u00bbsupply chain performance\u00a0\u00bb img_placement=\u00a0\u00bbflex_left\u00a0\u00bb img_container_width=\u00a0\u00bb59%\u00a0\u00bb at_button_button_text=\u00a0\u00bbEn savoir plus \u00a0\u00bb at_button_button_url=\u00a0\u00bbhttps:\/\/mjoconsulting.eu\/fr\/performance-operationnelle\/\u00a0\u00bb at_button_button_url_new_window=\u00a0\u00bb1&Prime; image_wrapper_margin=\u00a0\u00bb|40px|||false|false\u00a0\u00bb content_margin=\u00a0\u00bb||11px||false|false\u00a0\u00bb content_padding=\u00a0\u00bb||7px||false|false\u00a0\u00bb _builder_version=\u00a0\u00bb4.23&Prime; _module_preset=\u00a0\u00bbdefault\u00a0\u00bb border_radii_image=\u00a0\u00bbon|6px|6px|6px|6px\u00a0\u00bb global_colors_info=\u00a0\u00bb{%22gcid-044af376-8f8e-42d8-a00a-75a68a87a648%22:%91%22button_bgcolor__hover%22%93}\u00a0\u00bb button_bgcolor__hover_enabled=\u00a0\u00bbon|hover\u00a0\u00bb button_bgcolor__hover=\u00a0\u00bb#6d6d6d\u00a0\u00bb]<\/p>\n<h2>PERFORMANCE OP\u00c9RATIONNELLE<\/h2>\n<p>Nous lib\u00e9rons le plein potentiel de vos op\u00e9rations et vous permettons d&rsquo;atteindre des objectifs ambitieux dans un monde de risques et de perturbations.<\/p>\n<p>&nbsp;<\/p>\n<p>[\/difl_advancedtabitem][difl_advancedtabitem title=\u00a0\u00bbGESTION DES RISQUES\u00a0\u00bb use_icon=\u00a0\u00bbon\u00a0\u00bb font_icon=\u00a0\u00bb&#x73;||divi||400&Prime; image=\u00a0\u00bbhttps:\/\/mjoconsulting.eu\/wp-content\/uploads\/2023\/10\/supply-chain-interim.png\u00a0\u00bb img_placement=\u00a0\u00bbflex_right\u00a0\u00bb img_container_width=\u00a0\u00bb59%\u00a0\u00bb img_placement_phone=\u00a0\u00bbflex_top\u00a0\u00bb at_button_button_text=\u00a0\u00bbEn savoir plus \u00a0\u00bb at_button_button_url=\u00a0\u00bbhttps:\/\/mjoconsulting.eu\/fr\/gestion-des-risques-de-la-supply-chain\/\u00a0\u00bb at_button_button_url_new_window=\u00a0\u00bb1&Prime; image_wrapper_margin=\u00a0\u00bb|||40px|false|false\u00a0\u00bb content_margin=\u00a0\u00bb||11px||false|false\u00a0\u00bb content_padding=\u00a0\u00bb||7px||false|false\u00a0\u00bb image_size_maxwidth_tablet=\u00a0\u00bb\u00a0\u00bb image_size_maxwidth_phone=\u00a0\u00bb100%\u00a0\u00bb image_size_maxwidth_last_edited=\u00a0\u00bbon|phone\u00a0\u00bb image_size_alignment_tablet=\u00a0\u00bb\u00a0\u00bb image_size_alignment_phone=\u00a0\u00bbcenter\u00a0\u00bb image_size_alignment_last_edited=\u00a0\u00bbon|phone\u00a0\u00bb _builder_version=\u00a0\u00bb4.23&Prime; _module_preset=\u00a0\u00bbdefault\u00a0\u00bb subtitle_font=\u00a0\u00bbRoboto|300|||||||\u00a0\u00bb border_radii_image=\u00a0\u00bbon|6px|6px|6px|6px\u00a0\u00bb global_colors_info=\u00a0\u00bb{%22gcid-044af376-8f8e-42d8-a00a-75a68a87a648%22:%91%22button_bgcolor__hover%22%93}\u00a0\u00bb button_bgcolor__hover_enabled=\u00a0\u00bbon|hover\u00a0\u00bb button_bgcolor__hover=\u00a0\u00bb#6d6d6d\u00a0\u00bb]<\/p>\n<h2>GESTION DES RISQUES DE LA SUPPLY CHAIN<\/h2>\n<p>Avec l&rsquo;appui de l\u2019IA, laissez-nous<br \/>surveiller (nous surveillons) votre r\u00e9seau de fournisseurs.<\/p>\n<p>&nbsp;<\/p>\n<p>[\/difl_advancedtabitem][difl_advancedtabitem title=\u00a0\u00bbD\u00c9VELOPPEMENT DURABLE\u00a0\u00bb use_icon=\u00a0\u00bbon\u00a0\u00bb font_icon=\u00a0\u00bb&#xf06c;||fa||900&Prime; image=\u00a0\u00bbhttps:\/\/mjoconsulting.eu\/wp-content\/uploads\/2023\/10\/sustainability-1.webp\u00a0\u00bb alt=\u00a0\u00bbsupply chain performance\u00a0\u00bb img_placement=\u00a0\u00bbflex_left\u00a0\u00bb img_container_width=\u00a0\u00bb59%\u00a0\u00bb at_button_button_text=\u00a0\u00bbEn savoir plus\u00a0\u00bb at_button_button_url=\u00a0\u00bbhttps:\/\/mjoconsulting.eu\/fr\/transition-developpement-durable\/\u00a0\u00bb at_button_button_url_new_window=\u00a0\u00bb1&Prime; image_wrapper_margin=\u00a0\u00bb|40px|||false|false\u00a0\u00bb content_margin=\u00a0\u00bb||11px||false|false\u00a0\u00bb content_padding=\u00a0\u00bb||7px||false|false\u00a0\u00bb _builder_version=\u00a0\u00bb4.23&Prime; _module_preset=\u00a0\u00bbdefault\u00a0\u00bb border_radii_image=\u00a0\u00bbon|6px|6px|6px|6px\u00a0\u00bb global_colors_info=\u00a0\u00bb{%22gcid-044af376-8f8e-42d8-a00a-75a68a87a648%22:%91%22button_bgcolor__hover%22%93}\u00a0\u00bb button_bgcolor__hover_enabled=\u00a0\u00bbon|hover\u00a0\u00bb button_bgcolor__hover=\u00a0\u00bb#6d6d6d\u00a0\u00bb]<\/p>\n<h2>TRANSITION VERS LE D\u00c9VELOPPEMENT DURABLE<\/h2>\n<p>Comment mettre en place une supply<br \/>chain durable, b\u00e9n\u00e9fique pour la plan\u00e8te et pour vos r\u00e9sultats ?<\/p>\n<p>&nbsp;<\/p>\n<p>[\/difl_advancedtabitem][difl_advancedtabitem title=\u00a0\u00bbGESTION DES R\u00c9SEAUX \u00a0\u00bb use_icon=\u00a0\u00bbon\u00a0\u00bb font_icon=\u00a0\u00bb&#xe029;||divi||400&Prime; image=\u00a0\u00bbhttps:\/\/mjoconsulting.eu\/wp-content\/uploads\/2023\/10\/channel-management-1.webp\u00a0\u00bb img_placement=\u00a0\u00bbflex_right\u00a0\u00bb img_container_width=\u00a0\u00bb59%\u00a0\u00bb at_button_button_text=\u00a0\u00bbEn savoir plus \u00a0\u00bb at_button_button_url=\u00a0\u00bbhttps:\/\/mjoconsulting.eu\/fr\/gestion-reseaux-de-distribution\/\u00a0\u00bb at_button_button_url_new_window=\u00a0\u00bb1&Prime; image_wrapper_margin=\u00a0\u00bb|||40px|false|false\u00a0\u00bb content_margin=\u00a0\u00bb||11px||false|false\u00a0\u00bb content_padding=\u00a0\u00bb||7px||false|false\u00a0\u00bb _builder_version=\u00a0\u00bb4.23&Prime; _module_preset=\u00a0\u00bbdefault\u00a0\u00bb border_radii_image=\u00a0\u00bbon|6px|6px|6px|6px\u00a0\u00bb global_colors_info=\u00a0\u00bb{%22gcid-044af376-8f8e-42d8-a00a-75a68a87a648%22:%91%22button_bgcolor__hover%22%93}\u00a0\u00bb button_bgcolor__hover_enabled=\u00a0\u00bbon|hover\u00a0\u00bb button_bgcolor__hover=\u00a0\u00bb#6d6d6d\u00a0\u00bb]<\/p>\n<h2>GESTION DES R\u00c9SEAUX DE DISTRIBUTION<\/h2>\n<p>En fonction de vos acc\u00e8s au march\u00e9,<br \/>optimisez votre supply chain ainsi que votre flux de tr\u00e9sorerie.<\/p>\n<p>[\/difl_advancedtabitem][\/difl_advancedtab][\/et_pb_column][\/et_pb_row][\/et_pb_section]<\/p>\n","protected":false},"excerpt":{"rendered":"<p>Nos ServicesTransformez votre supply chain pour stimuler les performances de votre entreprise, am\u00e9liorer la satisfaction de vos clients et vous construire un avenir meilleur, sur le long-terme.<div class=\"et_pb_module difl_advancedtab difl_advancedtab_0\">\n\t\t\t\t\n\t\t\t\t\n\t\t\t\t\n\t\t\t\t\n\t\t\t\t\n\t\t\t\t\n\t\t\t\t<div class=\"et_pb_module_inner\">\n\t\t\t\t\t<h2 style=\"background:#eee; padding: 10px 20px;\">Please <strong>Add New Tab Item.<\/strong><\/h2>\n\t\t\t\t<\/div>\n\t\t\t<\/div><\/p>\n","protected":false},"author":1,"featured_media":0,"parent":0,"menu_order":0,"comment_status":"closed","ping_status":"closed","template":"","meta":{"_et_pb_use_builder":"on","_et_pb_old_content":"","_et_gb_content_width":"","footnotes":""},"difl_page_category":[],"class_list":["post-279789","page","type-page","status-publish","hentry"],"_links":{"self":[{"href":"https:\/\/mjoconsulting.eu\/fr\/wp-json\/wp\/v2\/pages\/279789","targetHints":{"allow":["GET"]}}],"collection":[{"href":"https:\/\/mjoconsulting.eu\/fr\/wp-json\/wp\/v2\/pages"}],"about":[{"href":"https:\/\/mjoconsulting.eu\/fr\/wp-json\/wp\/v2\/types\/page"}],"author":[{"embeddable":true,"href":"https:\/\/mjoconsulting.eu\/fr\/wp-json\/wp\/v2\/users\/1"}],"replies":[{"embeddable":true,"href":"https:\/\/mjoconsulting.eu\/fr\/wp-json\/wp\/v2\/comments?post=279789"}],"version-history":[{"count":18,"href":"https:\/\/mjoconsulting.eu\/fr\/wp-json\/wp\/v2\/pages\/279789\/revisions"}],"predecessor-version":[{"id":280111,"href":"https:\/\/mjoconsulting.eu\/fr\/wp-json\/wp\/v2\/pages\/279789\/revisions\/280111"}],"wp:attachment":[{"href":"https:\/\/mjoconsulting.eu\/fr\/wp-json\/wp\/v2\/media?parent=279789"}],"wp:term":[{"taxonomy":"difl_page_category","embeddable":true,"href":"https:\/\/mjoconsulting.eu\/fr\/wp-json\/wp\/v2\/difl_page_category?post=279789"}],"curies":[{"name":"wp","href":"https:\/\/api.w.org\/{rel}","templated":true}]}}