{"id":279775,"date":"2023-10-19T07:29:12","date_gmt":"2023-10-19T07:29:12","guid":{"rendered":"https:\/\/mjoconsulting.eu\/about-us\/"},"modified":"2023-11-16T08:49:27","modified_gmt":"2023-11-16T08:49:27","slug":"a-propos","status":"publish","type":"page","link":"https:\/\/mjoconsulting.eu\/fr\/a-propos\/","title":{"rendered":"A propos"},"content":{"rendered":"<p>[et_pb_section fb_built=\u00a0\u00bb1&Prime; custom_padding_last_edited=\u00a0\u00bbon|tablet\u00a0\u00bb _builder_version=\u00a0\u00bb4.22.2&Prime; _module_preset=\u00a0\u00bbdefault\u00a0\u00bb background_image=\u00a0\u00bbhttps:\/\/mjoconsulting.eu\/wp-content\/uploads\/2023\/10\/Untitled-design-_20_-1.webp\u00a0\u00bb parallax=\u00a0\u00bbon\u00a0\u00bb parallax_method=\u00a0\u00bboff\u00a0\u00bb custom_padding=\u00a0\u00bb82px||82px||true|\u00a0\u00bb custom_padding_tablet=\u00a0\u00bb50px||50px||true|false\u00a0\u00bb custom_padding_phone=\u00a0\u00bb\u00a0\u00bb global_colors_info=\u00a0\u00bb{}\u00a0\u00bb][et_pb_row _builder_version=\u00a0\u00bb4.16&Prime; _module_preset=\u00a0\u00bbdefault\u00a0\u00bb custom_margin=\u00a0\u00bb||||false|false\u00a0\u00bb custom_padding=\u00a0\u00bb||0px|||\u00a0\u00bb locked=\u00a0\u00bboff\u00a0\u00bb global_colors_info=\u00a0\u00bb{}\u00a0\u00bb][et_pb_column type=\u00a0\u00bb4_4&Prime; _builder_version=\u00a0\u00bb4.16&Prime; _module_preset=\u00a0\u00bbdefault\u00a0\u00bb global_colors_info=\u00a0\u00bb{}\u00a0\u00bb][et_pb_text _builder_version=\u00a0\u00bb4.22.2&Prime; _module_preset=\u00a0\u00bbdefault\u00a0\u00bb text_font=\u00a0\u00bbBlinker||||||||\u00a0\u00bb text_text_color=\u00a0\u00bb#FFFFFF\u00a0\u00bb text_font_size=\u00a0\u00bb18px\u00a0\u00bb text_line_height=\u00a0\u00bb26px\u00a0\u00bb header_text_color=\u00a0\u00bbgcid-044af376-8f8e-42d8-a00a-75a68a87a648&Prime; header_2_font=\u00a0\u00bbBlinker|700||on|||||\u00a0\u00bb header_2_text_color=\u00a0\u00bbgcid-044af376-8f8e-42d8-a00a-75a68a87a648&Prime; header_2_font_size=\u00a0\u00bb50px\u00a0\u00bb header_2_line_height=\u00a0\u00bb44px\u00a0\u00bb text_orientation=\u00a0\u00bbcenter\u00a0\u00bb width=\u00a0\u00bb70%\u00a0\u00bb width_tablet=\u00a0\u00bb100%\u00a0\u00bb width_phone=\u00a0\u00bb\u00a0\u00bb width_last_edited=\u00a0\u00bbon|tablet\u00a0\u00bb module_alignment=\u00a0\u00bbcenter\u00a0\u00bb custom_margin=\u00a0\u00bb||10px||false|false\u00a0\u00bb text_font_size_tablet=\u00a0\u00bb\u00a0\u00bb text_font_size_phone=\u00a0\u00bb16px\u00a0\u00bb text_font_size_last_edited=\u00a0\u00bbon|phone\u00a0\u00bb text_line_height_tablet=\u00a0\u00bb\u00a0\u00bb text_line_height_phone=\u00a0\u00bb24px\u00a0\u00bb text_line_height_last_edited=\u00a0\u00bbon|phone\u00a0\u00bb header_2_line_height_tablet=\u00a0\u00bb54px\u00a0\u00bb header_2_line_height_phone=\u00a0\u00bb\u00a0\u00bb header_2_line_height_last_edited=\u00a0\u00bbon|tablet\u00a0\u00bb global_colors_info=\u00a0\u00bb{%22gcid-044af376-8f8e-42d8-a00a-75a68a87a648%22:%91%22header_text_color%22,%22header_2_text_color%22%93}\u00a0\u00bb]<\/p>\n<h2><span style=\"color: #ffff;\">A\u00a0 Propos\u00a0<\/span><\/h2>\n<p>[\/et_pb_text][\/et_pb_column][\/et_pb_row][et_pb_row column_structure=\u00a0\u00bb1_2,1_2&Prime; _builder_version=\u00a0\u00bb4.22.2&Prime; _module_preset=\u00a0\u00bbdefault\u00a0\u00bb global_colors_info=\u00a0\u00bb{}\u00a0\u00bb][et_pb_column type=\u00a0\u00bb1_2&Prime; _builder_version=\u00a0\u00bb4.22.2&Prime; _module_preset=\u00a0\u00bbdefault\u00a0\u00bb global_colors_info=\u00a0\u00bb{}\u00a0\u00bb][difl_advanced_person ap_photo=\u00a0\u00bbhttps:\/\/mjoconsulting.eu\/wp-content\/uploads\/2023\/10\/jerome-monnot.jpg\u00a0\u00bb image_wrapper_max_width=\u00a0\u00bb38%\u00a0\u00bb image_wrapper_zindex=\u00a0\u00bb1&Prime; ap_name=\u00a0\u00bbJ\u00e9r\u00f4me MONNOT\u00a0\u00bb ap_role=\u00a0\u00bbfondateur et consultant\u00a0\u00bb content_background_bgcolor=\u00a0\u00bb#FFFFFF\u00a0\u00bb content_background_use_gradient=\u00a0\u00bboff\u00a0\u00bb content_background_color_gradient_1=\u00a0\u00bbgcid-8705d844-bf3e-4dba-b8c4-e97b8a5badf8&Prime; content_background_color_gradient_2=\u00a0\u00bbgcid-8705d844-bf3e-4dba-b8c4-e97b8a5badf8&Prime; content_background_background_image_size=\u00a0\u00bbcustom\u00a0\u00bb content_background_size_width=\u00a0\u00bb100%\u00a0\u00bb content_background_size_height=\u00a0\u00bb0%\u00a0\u00bb content_background_background_image_position=\u00a0\u00bbbottom_center\u00a0\u00bb ap_linkedin=\u00a0\u00bbhttps:\/\/www.linkedin.com\/in\/jerome-monnot\/\u00a0\u00bb ap_email=\u00a0\u00bbjerome.monnot@mjoconsulting.eu\u00a0\u00bb social_section_align=\u00a0\u00bbcenter\u00a0\u00bb icon_color=\u00a0\u00bb#044cad\u00a0\u00bb icon_background_bgcolor=\u00a0\u00bb#FFFFFF\u00a0\u00bb linkedin_icon_color=\u00a0\u00bb#044cad\u00a0\u00bb email_icon_color=\u00a0\u00bb#044cad\u00a0\u00bb image_wrapper_margin=\u00a0\u00bb||-57px||false|false\u00a0\u00bb content_padding=\u00a0\u00bb72px|37px|10px|37px|false|true\u00a0\u00bb details_wrapper_margin=\u00a0\u00bb22px||22px||true|false\u00a0\u00bb social_wrapper_margin=\u00a0\u00bb16px|-15%|12px|-15%|false|true\u00a0\u00bb role_margin=\u00a0\u00bb5px||5px||true|false\u00a0\u00bb social_padding=\u00a0\u00bb7px|7px|7px|7px|true|true\u00a0\u00bb image_wrapper_margin_tablet=\u00a0\u00bb||-108px||false|false\u00a0\u00bb image_wrapper_margin_phone=\u00a0\u00bb||-60px||false|false\u00a0\u00bb image_wrapper_margin_last_edited=\u00a0\u00bbon|tablet\u00a0\u00bb content_padding_tablet=\u00a0\u00bb\u00a0\u00bb content_padding_phone=\u00a0\u00bb57px|37px|10px|37px|false|true\u00a0\u00bb content_padding_last_edited=\u00a0\u00bbon|phone\u00a0\u00bb name_margin_tablet=\u00a0\u00bb48px||||false|false\u00a0\u00bb name_margin_phone=\u00a0\u00bb0px||||false|false\u00a0\u00bb name_margin_last_edited=\u00a0\u00bbon|phone\u00a0\u00bb _builder_version=\u00a0\u00bb4.23&Prime; _module_preset=\u00a0\u00bbdefault\u00a0\u00bb name_font=\u00a0\u00bbPoppins|700||on|||||\u00a0\u00bb name_text_color=\u00a0\u00bb#044cad\u00a0\u00bb role_font=\u00a0\u00bbRoboto||||||||\u00a0\u00bb role_text_color=\u00a0\u00bb#474747&Prime; role_font_size=\u00a0\u00bb20px\u00a0\u00bb role_line_height=\u00a0\u00bb26px\u00a0\u00bb description_font=\u00a0\u00bbPoppins|300|||||||\u00a0\u00bb description_line_height=\u00a0\u00bb22px\u00a0\u00bb content_font=\u00a0\u00bbRoboto||||||||\u00a0\u00bb content_text_align=\u00a0\u00bbcenter\u00a0\u00bb background_color=\u00a0\u00bbgcid-d90a7b6a-4e31-4381-a6e5-680756622201&Prime; custom_margin=\u00a0\u00bb0px||||false|false\u00a0\u00bb custom_padding=\u00a0\u00bb30px||||false|false\u00a0\u00bb border_radii_content_border=\u00a0\u00bbon|4px|4px|4px|4px\u00a0\u00bb border_radii_photo_wrapper_border=\u00a0\u00bbon|656px|656px|656px|656px\u00a0\u00bb border_width_all_photo_wrapper_border=\u00a0\u00bb11px\u00a0\u00bb border_color_all_photo_wrapper_border=\u00a0\u00bb#044cad\u00a0\u00bb border_radii_social_icon_border=\u00a0\u00bbon|120px|120px|120px|120px\u00a0\u00bb border_width_all_social_icon_border=\u00a0\u00bb2px\u00a0\u00bb border_color_all_social_icon_border=\u00a0\u00bb#044cad\u00a0\u00bb box_shadow_style_content_shadow=\u00a0\u00bbpreset3&Prime; box_shadow_blur_content_shadow=\u00a0\u00bb24px\u00a0\u00bb box_shadow_color_content_shadow=\u00a0\u00bbrgba(0,0,0,0.2)\u00a0\u00bb locked=\u00a0\u00bboff\u00a0\u00bb global_colors_info=\u00a0\u00bb{%22gcid-8705d844-bf3e-4dba-b8c4-e97b8a5badf8%22:%91%22content_background_bgcolor__hover%22%93}\u00a0\u00bb content_background_size_height__hover_enabled=\u00a0\u00bbon|hover\u00a0\u00bb content_background_size_height__hover=\u00a0\u00bb100%\u00a0\u00bb name_text_color__hover_enabled=\u00a0\u00bbon|hover\u00a0\u00bb name_text_color__hover=\u00a0\u00bb#FFFFFF\u00a0\u00bb role_text_color__hover_enabled=\u00a0\u00bbon|hover\u00a0\u00bb role_text_color__hover=\u00a0\u00bb#FFFFFF\u00a0\u00bb description_text_color__hover_enabled=\u00a0\u00bbon|hover\u00a0\u00bb description_text_color__hover=\u00a0\u00bb#FFFFFF\u00a0\u00bb border_color_all_social_icon_border__hover_enabled=\u00a0\u00bbon|hover\u00a0\u00bb border_color_all_social_icon_border__hover=\u00a0\u00bb#FFFFFF\u00a0\u00bb background__hover_enabled=\u00a0\u00bbon|desktop\u00a0\u00bb content_background_bgcolor__hover_enabled=\u00a0\u00bbon|hover\u00a0\u00bb content_background_bgcolor__hover=\u00a0\u00bb#004aad\u00a0\u00bb description_background_bgcolor__hover_enabled=\u00a0\u00bbon|hover\u00a0\u00bb][\/difl_advanced_person][\/et_pb_column][et_pb_column type=\u00a0\u00bb1_2&Prime; _builder_version=\u00a0\u00bb4.22.2&Prime; _module_preset=\u00a0\u00bbdefault\u00a0\u00bb global_colors_info=\u00a0\u00bb{}\u00a0\u00bb][difl_flipbox content_front=\u00a0\u00bb<\/p>\n<p>J\u00e9r\u00f4me a une exp\u00e9rience globale de la supply chain, ayant travaill\u00e9 dans diverses zones g\u00e9ographiques telles que le Mexique, les \u00c9tats-Unis, les Pays-Bas et la France. Orient\u00e9 vers les r\u00e9sultats et avec un<br \/>esprit d&rsquo;entreprise, J\u00e9r\u00f4me a d\u00e9cid\u00e9 de cr\u00e9er MJO Consulting pendant l&rsquo;\u00e9t\u00e9 2023 pour accompagner les entreprises dans l\u2019am\u00e9lioration de leur supply chain.<\/p>\n<p>Passionn\u00e9 par les technologies, l&rsquo;efficacit\u00e9 et les relations avec les clients, J\u00e9r\u00f4me a plus de 20 ans d&rsquo;exp\u00e9rience dans la gestion de la supply chain, la logistique, la production, les fusions-acquisitions et le<br \/>leadership \u00e0 travers le monde. Du conseil aux dispositifs m\u00e9dicaux, J\u00e9r\u00f4me a commenc\u00e9 sa carri\u00e8re chez Capgemini avant de s\u2019\u00e9panouir au sein de l&rsquo;industrie de la sant\u00e9 en travaillant pour Becton<br \/>Dickinson et Medline.<\/p>\n<p>Avec MJO Consulting, J\u00e9r\u00f4me souhaite vous aider \u00e0 d\u00e9velopper votre entreprise et votre business gr\u00e2ce \u00e0 l&rsquo;excellence de la supply chain.<\/p>\n<p><img src=%22https:\/\/mjoconsulting.eu\/wp-content\/uploads\/2023\/11\/Untitled-design-37.png%22 width=%22128%22 height=%22128%22 alt=%22%22 class=%22wp-image-279760 alignnone size-full%22 style=%22float: right;%22 \/><\/p>\n<p>\u00a0\u00bb content_back=\u00a0\u00bb<\/p>\n<p>D\u00e8s le d\u00e9but de sa carri\u00e8re de consultant, J\u00e9r\u00f4me s&rsquo;est concentr\u00e9 sur l&rsquo;efficacit\u00e9 de la supply chain en augmentant l\u2019utilisation de la technologie, en d\u00e9veloppant la collaboration entre les diff\u00e9rents acteurs<br \/>et en ameliorant a la fois \u00e9x\u00e9cution et performance.<\/p>\n<p>Travailler plusieurs ann\u00e9es dans une usine est toujours un excellent apprentissage. Du processus de S&#038;OP \u00e0 la planification de la production, J\u00e9r\u00f4me est devenu un expert en planification et en gestion des<br \/>stocks.<\/p>\n<p>En tant que responsable supply chain pour une entreprise utilisant de nombreux distributeurs, J\u00e9r\u00f4me a eu l&rsquo;occasion de d\u00e9velopper la collaboration entre ces diff\u00e9rents acteurs et am\u00e9liorer l\u2019\u00e9change de<br \/>donn\u00e9es gr\u00e2ce a l&rsquo;int\u00e9gration technologique. Cela a permis \u00e0 tous les acteurs de faire des economies !<\/p>\n<p>En tant que vice-pr\u00e9sident de la supply chain et des op\u00e9rations, J\u00e9r\u00f4me a d\u00e9velopp\u00e9 et mis en \u0153uvre des visions strat\u00e9giques \u00e0 long terme pour soutenir une croissance \u00e0 deux chiffres dans diff\u00e9rentes<br \/>r\u00e9gions. Il a mis l\u2019accent sur l&rsquo;engagement d&rsquo;\u00e9quipes pour transformer la supply chain et stimuler la croissance.<\/p>\n<p>Tr\u00e8s actif dans les domaines du d\u00e9veloppement durable et de la gestion des risques, J\u00e9r\u00f4me suit actuellement un programme ex\u00e9cutif de 6 mois sur la transition vers le d\u00e9veloppement durable dans l&rsquo;une<br \/>des meilleures \u00e9coles de commerce fran\u00e7aises.<\/p>\n<p>En plus de ses activit\u00e9s de conseil, J\u00e9r\u00f4me accompagne plusieurs start-ups dans les secteurs de la micro-mobilit\u00e9 et de la num\u00e9risation de la supply chain.<\/p>\n<p>\u00a0\u00bb fb_btn_button_url_new_window=\u00a0\u00bb1&Prime; image_front_use_icon=\u00a0\u00bboff\u00a0\u00bb fb_background_bgcolor=\u00a0\u00bb#FFFFFF\u00a0\u00bb fb_back_background_bgcolor=\u00a0\u00bbgcid-ce485c1a-bd78-4dee-bac6-17c70625f766&Prime; front_wrapper_padding=\u00a0\u00bb10px|10px|10px|10px|true|true\u00a0\u00bb back_wrapper_padding=\u00a0\u00bb10px|10px|10px|10px|true|true\u00a0\u00bb img_container_back_padding=\u00a0\u00bb0px||||false|false\u00a0\u00bb text_front_padding=\u00a0\u00bb8px|8px|8px|8px|true|true\u00a0\u00bb text_back_padding=\u00a0\u00bb8px|8px|8px|8px|true|true\u00a0\u00bb _builder_version=\u00a0\u00bb4.23&Prime; _module_preset=\u00a0\u00bbdefault\u00a0\u00bb content_font=\u00a0\u00bbRoboto||||||||\u00a0\u00bb content_back_font=\u00a0\u00bbRoboto|300|||||||\u00a0\u00bb content_back_text_color=\u00a0\u00bb#FFFFFF\u00a0\u00bb background_color=\u00a0\u00bbgcid-8705d844-bf3e-4dba-b8c4-e97b8a5badf8&Prime; box_shadow_style_back=\u00a0\u00bbpreset4&Prime; box_shadow_horizontal_back=\u00a0\u00bb12px\u00a0\u00bb box_shadow_vertical_back=\u00a0\u00bb12px\u00a0\u00bb global_colors_info=\u00a0\u00bb{%22gcid-ce485c1a-bd78-4dee-bac6-17c70625f766%22:%91%22fb_back_background_bgcolor%22%93}\u00a0\u00bb][\/difl_flipbox][\/et_pb_column][\/et_pb_row][\/et_pb_section]<\/p>\n","protected":false},"excerpt":{"rendered":"<p>A\u00a0 Propos\u00a0<div class=\"et_pb_with_border et_pb_module difl_advanced_person difl_advanced_person_0\">\n\t\t\t\t\n\t\t\t\t\n\t\t\t\t\n\t\t\t\t\n\t\t\t\t\n\t\t\t\t\n\t\t\t\t<div class=\"et_pb_module_inner\">\n\t\t\t\t\t<div class=\"df_ap_person_container df_ap_default_style\"> <div class=\"df_ap_person_wrapper no-image-scale\">\n                                    <div class=\"df_person_photo_wrapper\">\n                                    <div class=\" c4-izmir \">\n                                        \n                                        <div class=\"df_person_photo\">\n                                            <img decoding=\"async\" class=\"person_photo\" src=\"\" alt=\"\" \/>\n                                        <\/div>\n                                        <figcaption class=\"df_ap_person_content\"><\/figcaption>\n                                    <\/div>\n                                <\/div>\n                                    <div class=\"df_ap_person_desc_wrapper\">\n                                        <div class=\"df_person_details\">\n                                            <h4  class=\"df_person_name\">\u00bbJ\u00e9r\u00f4me<\/h4 >\n                                            <h5  class=\"df_person_role\">\u00bbfondateur<\/h5 >\n                                            \n                                        <\/div>\n                                        <div class=\"df_person_socail_wrapper \">\n                                \n                                \n                                <a href=\"\" class=\"df_person_social_icon linkedin\" target=\"_blank\" df-tooltip=\"Linkedin\" title=\"\" aria-expanded=\"false\">\n                <span class=\"et-pb-icon socail_icon\">&#xe09d;<\/span>\n            <\/a>\n                                \n                                \n                                <a href=\"mailto:\u00bbjerome.monnot@mjoconsulting.eu\" class=\"df_person_social_icon email\" target=\"_blank\" df-tooltip=\"Email\" title=\"\" aria-expanded=\"false\">\n            <span class=\"et-pb-icon socail_icon\">&#xe076;<\/span>\n        <\/a>\n                                             \n                            <\/div>\n                                    <\/div>\n                                <\/div><\/div>\n\t\t\t\t<\/div>\n\t\t\t<\/div><\/p>\n","protected":false},"author":1,"featured_media":0,"parent":0,"menu_order":0,"comment_status":"closed","ping_status":"closed","template":"","meta":{"_et_pb_use_builder":"on","_et_pb_old_content":"[et_pb_section fb_built=\"1\" custom_padding_last_edited=\"on|tablet\" _builder_version=\"4.22.2\" _module_preset=\"default\" background_image=\"https:\/\/mjoconsulting.eu\/wp-content\/uploads\/2023\/10\/Untitled-design-_20_-1.webp\" parallax=\"on\" parallax_method=\"off\" custom_padding=\"82px||82px||true|\" custom_padding_tablet=\"50px||50px||true|false\" custom_padding_phone=\"\" global_colors_info=\"{}\"][et_pb_row _builder_version=\"4.16\" _module_preset=\"default\" custom_margin=\"||||false|false\" custom_padding=\"||0px|||\" locked=\"off\" global_colors_info=\"{}\"][et_pb_column type=\"4_4\" _builder_version=\"4.16\" _module_preset=\"default\" global_colors_info=\"{}\"][et_pb_text _builder_version=\"4.22.2\" _module_preset=\"default\" text_font=\"Blinker||||||||\" text_text_color=\"#FFFFFF\" text_font_size=\"18px\" text_line_height=\"26px\" header_text_color=\"gcid-044af376-8f8e-42d8-a00a-75a68a87a648\" header_2_font=\"Blinker|700||on|||||\" header_2_text_color=\"gcid-044af376-8f8e-42d8-a00a-75a68a87a648\" header_2_font_size=\"50px\" header_2_line_height=\"44px\" text_orientation=\"center\" width=\"70%\" width_tablet=\"100%\" width_phone=\"\" width_last_edited=\"on|tablet\" module_alignment=\"center\" custom_margin=\"||10px||false|false\" text_font_size_tablet=\"\" text_font_size_phone=\"16px\" text_font_size_last_edited=\"on|phone\" text_line_height_tablet=\"\" text_line_height_phone=\"24px\" text_line_height_last_edited=\"on|phone\" header_2_line_height_tablet=\"54px\" header_2_line_height_phone=\"\" header_2_line_height_last_edited=\"on|tablet\" global_colors_info=\"{%22gcid-044af376-8f8e-42d8-a00a-75a68a87a648%22:%91%22header_text_color%22,%22header_2_text_color%22%93}\"]\n<h2><span style=\"color: #ffff;\">ABOUT us<\/span><\/h2>\n[\/et_pb_text][\/et_pb_column][\/et_pb_row][et_pb_row column_structure=\"1_2,1_2\" _builder_version=\"4.22.2\" _module_preset=\"default\" global_colors_info=\"{}\"][et_pb_column type=\"1_2\" _builder_version=\"4.22.2\" _module_preset=\"default\" global_colors_info=\"{}\"][difl_advanced_person ap_photo=\"https:\/\/mjoconsulting.eu\/wp-content\/uploads\/2023\/10\/jerome-monnot.jpg\" image_wrapper_max_width=\"38%\" image_wrapper_zindex=\"1\" ap_name=\"J\u00e9r\u00f4me MONNOT\" ap_role=\"Supply Chain Leader\" ap_description=\"\n<h4> Founder<\/h4>\n\" content_background_bgcolor=\"#FFFFFF\" content_background_use_gradient=\"off\" content_background_color_gradient_1=\"gcid-8705d844-bf3e-4dba-b8c4-e97b8a5badf8\" content_background_color_gradient_2=\"gcid-8705d844-bf3e-4dba-b8c4-e97b8a5badf8\" content_background_background_image_size=\"custom\" content_background_size_width=\"100%\" content_background_size_height=\"0%\" content_background_background_image_position=\"bottom_center\" ap_linkedin=\"https:\/\/www.linkedin.com\/in\/jerome-monnot\/\" ap_email=\"jerome.monnot@mjoconsulting.eu\" social_section_align=\"center\" icon_color=\"#044cad\" icon_background_bgcolor=\"#FFFFFF\" linkedin_icon_color=\"#044cad\" email_icon_color=\"#044cad\" image_wrapper_margin=\"||-57px||false|false\" content_padding=\"72px|37px|10px|37px|false|true\" details_wrapper_margin=\"22px||22px||true|false\" social_wrapper_margin=\"16px|-15%|12px|-15%|false|true\" role_margin=\"5px||5px||true|false\" social_padding=\"7px|7px|7px|7px|true|true\" image_wrapper_margin_tablet=\"||-108px||false|false\" image_wrapper_margin_phone=\"||-60px||false|false\" image_wrapper_margin_last_edited=\"on|tablet\" content_padding_tablet=\"\" content_padding_phone=\"57px|37px|10px|37px|false|true\" content_padding_last_edited=\"on|phone\" name_margin_tablet=\"48px||||false|false\" name_margin_phone=\"0px||||false|false\" name_margin_last_edited=\"on|phone\" _builder_version=\"4.23\" _module_preset=\"default\" name_font=\"Poppins|700||on|||||\" name_text_color=\"#044cad\" role_font=\"Roboto||||||||\" role_text_color=\"#474747\" role_font_size=\"20px\" role_line_height=\"26px\" description_font=\"Poppins|300|||||||\" description_line_height=\"22px\" content_font=\"Roboto||||||||\" content_text_align=\"center\" background_color=\"gcid-d90a7b6a-4e31-4381-a6e5-680756622201\" custom_margin=\"0px||||false|false\" custom_padding=\"30px||||false|false\" border_radii_content_border=\"on|4px|4px|4px|4px\" border_radii_photo_wrapper_border=\"on|656px|656px|656px|656px\" border_width_all_photo_wrapper_border=\"11px\" border_color_all_photo_wrapper_border=\"#044cad\" border_radii_social_icon_border=\"on|120px|120px|120px|120px\" border_width_all_social_icon_border=\"2px\" border_color_all_social_icon_border=\"#044cad\" box_shadow_style_content_shadow=\"preset3\" box_shadow_blur_content_shadow=\"24px\" box_shadow_color_content_shadow=\"rgba(0,0,0,0.2)\" locked=\"off\" global_colors_info=\"{%22gcid-8705d844-bf3e-4dba-b8c4-e97b8a5badf8%22:%91%22content_background_bgcolor__hover%22%93}\" content_background_size_height__hover_enabled=\"on|hover\" content_background_size_height__hover=\"100%\" name_text_color__hover_enabled=\"on|hover\" name_text_color__hover=\"#FFFFFF\" role_text_color__hover_enabled=\"on|hover\" role_text_color__hover=\"#FFFFFF\" description_text_color__hover_enabled=\"on|hover\" description_text_color__hover=\"#FFFFFF\" border_color_all_social_icon_border__hover_enabled=\"on|hover\" border_color_all_social_icon_border__hover=\"#FFFFFF\" background__hover_enabled=\"on|desktop\" content_background_bgcolor__hover_enabled=\"on|hover\" content_background_bgcolor__hover=\"#004aad\" description_background_bgcolor__hover_enabled=\"on|hover\"][\/difl_advanced_person][\/et_pb_column][et_pb_column type=\"1_2\" _builder_version=\"4.22.2\" _module_preset=\"default\" global_colors_info=\"{}\"][difl_flipbox content_front=\"\n\n<span style=%22font-weight: 400;%22>Jerome has global end-to-end supply chain management experience having worked in various geographies such as Mexico, the US, The Netherlands, and France. With his result-oriented and entrepreneurship spirit, Jerome decided to create MJO Consulting during summer 2023 to support companies in their supply chain journey.<\/span>\n\n<span style=%22font-weight: 400;%22>Passionate about digitalization, efficiency and customer relationships, Jerome has more than 20 years of experience in supply chain management, logistics operations, manufacturing, M&amp;A and leadership roles around the world. From consulting to medical devices, Jerome started his career at Capgemini before embracing the healthcare industry working for Becton Dickinson and Medline.<\/span>\n\n<span style=%22font-weight: 400;%22>With MJO Consulting, Jerome is looking to enable your business through supply chain excellence.<\/span>\n\n<img src=%22https:\/\/mjoconsulting.eu\/wp-content\/uploads\/2023\/11\/Untitled-design-37.png%22 width=%22128%22 height=%22128%22 alt=%22%22 class=%22wp-image-279760 alignnone size-full%22 style=%22float: right;%22 \/>\n\n\" content_back=\"\n\n<span style=%22font-weight: 400;%22>Since the beginning of his career as a consultant, Jerome focused on driving efficiency within the supply chain enhancing technology, collaboration, and continuous improvement to improve performance and execution.<\/span>\n\n<span style=%22font-weight: 400;%22>Working several years in a plant is always a great learning experience. From business S&OP to shop floor production schedule, Jerome became a planning and inventory management expert.<\/span>\n\n<span style=%22font-weight: 400;%22>As a supply chain leader for a large channel organization, Jerome had the opportunity to develop supply chain collaboration and IT integration with partners, eliminating waste and avoiding duplicates!<\/span>\n\n<span style=%22font-weight: 400;%22>As VP of supply chain and operations, Jerome developed and executed long-term strategic visions to support double-digit growth in various regions. He emphasized his experience engaging diverse teams to transform supply chain and drive growth.<\/span>\n\n<span style=%22font-weight: 400;%22>Very active in the ESG and risk management spaces, Jerome is currently following a 6-month executive program on sustainability transformation in one of the top French business schools.<\/span>\n\n<span style=%22font-weight: 400;%22>On top of his consulting activities, Jerome is advising several start-ups in the micro mobility industry and supply chain digitalization world.<\/span>\n\n\" fb_btn_button_url_new_window=\"1\" fb_background_bgcolor=\"#FFFFFF\" fb_back_background_bgcolor=\"gcid-ce485c1a-bd78-4dee-bac6-17c70625f766\" front_wrapper_padding=\"10px|10px|10px|10px|true|true\" back_wrapper_padding=\"10px|10px|10px|10px|true|true\" img_container_back_padding=\"0px||||false|false\" text_front_padding=\"8px|8px|8px|8px|true|true\" text_back_padding=\"8px|8px|8px|8px|true|true\" _builder_version=\"4.23\" _module_preset=\"default\" content_font=\"Roboto||||||||\" content_back_font=\"Roboto|300|||||||\" content_back_text_color=\"#FFFFFF\" background_color=\"gcid-8705d844-bf3e-4dba-b8c4-e97b8a5badf8\" hover_enabled=\"0\" box_shadow_style_back=\"preset4\" box_shadow_horizontal_back=\"12px\" box_shadow_vertical_back=\"12px\" global_colors_info=\"{%22gcid-ce485c1a-bd78-4dee-bac6-17c70625f766%22:%91%22fb_back_background_bgcolor%22%93}\" image_front_use_icon=\"off\" sticky_enabled=\"0\"][\/difl_flipbox][\/et_pb_column][\/et_pb_row][\/et_pb_section]","_et_gb_content_width":"","footnotes":""},"difl_page_category":[],"class_list":["post-279775","page","type-page","status-publish","hentry"],"_links":{"self":[{"href":"https:\/\/mjoconsulting.eu\/fr\/wp-json\/wp\/v2\/pages\/279775","targetHints":{"allow":["GET"]}}],"collection":[{"href":"https:\/\/mjoconsulting.eu\/fr\/wp-json\/wp\/v2\/pages"}],"about":[{"href":"https:\/\/mjoconsulting.eu\/fr\/wp-json\/wp\/v2\/types\/page"}],"author":[{"embeddable":true,"href":"https:\/\/mjoconsulting.eu\/fr\/wp-json\/wp\/v2\/users\/1"}],"replies":[{"embeddable":true,"href":"https:\/\/mjoconsulting.eu\/fr\/wp-json\/wp\/v2\/comments?post=279775"}],"version-history":[{"count":11,"href":"https:\/\/mjoconsulting.eu\/fr\/wp-json\/wp\/v2\/pages\/279775\/revisions"}],"predecessor-version":[{"id":280106,"href":"https:\/\/mjoconsulting.eu\/fr\/wp-json\/wp\/v2\/pages\/279775\/revisions\/280106"}],"wp:attachment":[{"href":"https:\/\/mjoconsulting.eu\/fr\/wp-json\/wp\/v2\/media?parent=279775"}],"wp:term":[{"taxonomy":"difl_page_category","embeddable":true,"href":"https:\/\/mjoconsulting.eu\/fr\/wp-json\/wp\/v2\/difl_page_category?post=279775"}],"curies":[{"name":"wp","href":"https:\/\/api.w.org\/{rel}","templated":true}]}}